{"id":1194,"date":"2025-11-11T12:23:50","date_gmt":"2025-11-11T11:23:50","guid":{"rendered":"https:\/\/www.viladellops.com\/?page_id=1194"},"modified":"2026-01-08T16:46:21","modified_gmt":"2026-01-08T15:46:21","slug":"condicions-de-compra","status":"publish","type":"page","link":"https:\/\/www.viladellops.com\/ca\/condicions-de-compra\/","title":{"rendered":"Condicions de compra"},"content":{"rendered":"\n<h2 class=\"wp-block-heading\" id=\"dadesfiscals\">Dades fiscals de Viladellops<\/h2>\n\n\n\n<figure class=\"wp-block-table\"><table class=\"has-fixed-layout\"><tbody><tr><th>Denominaci\u00f3<\/th><td>Viladellops Vin\u00edcola SL<\/td><\/tr><tr><th>CIF<\/th><td>ESB60460409<\/td><\/tr><tr><th>Adre\u00e7a<\/th><td>Viladellops 5<br>08734 Ol\u00e8rdola<br>Barcelona \u2013 Espanya<\/td><\/tr><tr><th>Tel\u00e8fon<\/th><td><a href=\"tel:+34938188371\">(+34) 938 188 371<\/a><\/td><\/tr><tr><th>eMail<\/th><td><a href=\"mailto:info@viladellops.com\">info@viladellops.com<\/a><\/td><\/tr><\/tbody><\/table><\/figure>\n\n\n\n<h2 class=\"wp-block-heading\">Objecte i \u00e0mbit d\u2019aplicaci\u00f3<\/h2>\n\n\n\n<p>Les presents Condicions Generals de Contractaci\u00f3 tenen com a objecte regular la relaci\u00f3 entre Viladellops Vinicola S.L (en endavant \u201cFinca Viladellops\u201d i\/o la Companyia) i vost\u00e8 (en endavant, el \u201cClient\u201d), relativa a totes les transaccions realitzades a trav\u00e9s del lloc web Viladellops.com (en endavant, el \u201cLloc Web\u201d) consistents en reserves de visites i activitats de l\u2019empresa (en endavant, els \u201cServeis\u201d).<\/p>\n\n\n\n<h2 class=\"wp-block-heading\">Exclusions<\/h2>\n\n\n\n<p>Queda prohibida la prestaci\u00f3 dels Serveis a trav\u00e9s del Lloc Web a menors de 18 anys que no vagin acompanyats d\u2019un adult.<\/p>\n\n\n\n<p>Aix\u00ed mateix, els serveis oferts per Finca Viladellops a trav\u00e9s del Lloc Web que impliquin el consum de begudes alcoh\u00f2liques de qualsevol graduaci\u00f3 queden prohibits a menors de 18 anys.<\/p>\n\n\n\n<h2 class=\"wp-block-heading\">Aceptaci\u00f3 i prova d\u2019acceptaci\u00f3<\/h2>\n\n\n\n<p>La contractaci\u00f3 dels Serveis oferts per Finca Viladellops ha de realitzar-se a trav\u00e9s de l\u2019activaci\u00f3 del bot\u00f3 RESERVAR que apareix al peu de p\u00e0gina de reserva dels Serveis, i expressa l\u2019acceptaci\u00f3 total de les presents Condicions generals de Contractaci\u00f3 amb anterioritat a la reserva dels Serveis, sense que li siguin d\u2019aplicaci\u00f3 les novetats que puguin produir-se al clausulat de les Condicions Generals de Contractaci\u00f3 amb posterioritat.<\/p>\n\n\n\n<p>Des del moment de l\u2019acceptaci\u00f3, l\u2019usuari adquireix la condici\u00f3 de Client de Finca Viladellops que es descriu en aquestes Condicions Generals de Contractaci\u00f3. Qualsevol servei ofert amb posterioritat per Finca Viladellops haur\u00e0 de ser objecte d\u2019una nova contractaci\u00f3.<\/p>\n\n\n\n<p>Si el Client desitja llegir amb m\u00e9s deteniment les Condicions Generals de la Contractaci\u00f3, pot imprimir en paper o guardar el document en format electr\u00f2nic.<\/p>\n\n\n\n<p>Finca Viladellops enviar\u00e0 al Client, una vegada acceptades de forma expressa les Condicions Generals de Contractaci\u00f3, justificaci\u00f3 de la contractaci\u00f3 efectuada, en tots els seus terminis, a trav\u00e9s de correu electr\u00f2nic, o correu certificat amb acusament de recepci\u00f3 abans de que es compleixin 24 hores de la compra.<\/p>\n\n\n\n<p>Aix\u00ed mateix, Finca Viladellops remetr\u00e0 la reserva al Client a trav\u00e9s dels mitjans electr\u00f2nics aportats pel propi Client.<\/p>\n\n\n\n<p>Finca Viladellops l\u2019informa de que arxiva els documents electr\u00f2nics en els que queden formalitzades les contractacions, a les quals el Client podr\u00e0 accedir en qualsevol moment, sol\u00b7licitant-ho al Departament d\u2019Atenci\u00f3 de Visites de Finca Viladellops.<br>En cas de que el Client comet\u00e9s un error a l\u2019hora d\u2019enviar les dades podr\u00e0 modificar-les al Departament d\u2019atenci\u00f3 de Visites de Finca Viladellops.<\/p>\n\n\n\n<h2 class=\"wp-block-heading\">Preus, Forma de Pagament, Condicions de visita i Cancelaci\u00f3 de Reserva<\/h2>\n\n\n\n<h3 class=\"wp-block-heading\">4.1 Preus<\/h3>\n\n\n\n<p>Els preus aplicables a cada Servei s\u00f3n els indicats al Lloc Web en la data de contractaci\u00f3 incloent tots ells l\u2019IVA.<br>Les ofertes estaran degudament marcades i identificades com a tals, indicant convenientment el preu anterior i el preu de la oferta.<br>Finca Viladellops es reserva el dret a efectuar canvis al Lloc Web, en qualsevol moment i sense previ av\u00eds, les modificacions que consideri oportunes, podent actualitzar di\u00e0riament els Serveis en funci\u00f3 del mercat.<\/p>\n\n\n\n<h3 class=\"wp-block-heading\">4.2 Forma de pagament<\/h3>\n\n\n\n<p>L\u2019adquisici\u00f3 dels Serveis es poden efectuar per qualsevol dels mitjans seg\u00fcents, a saber:<\/p>\n\n\n\n<ul class=\"wp-block-list\">\n<li>Per mitj\u00e0 de la passarel\u00b7la de pagament de l\u2019entitat \u201cBanc de Sabadell\u201d.<\/li>\n\n\n\n<li>Paypal<\/li>\n<\/ul>\n\n\n\n<h3 class=\"wp-block-heading\">4.3 Condicions de visita<\/h3>\n\n\n\n<p>La visita comen\u00e7ar\u00e0 puntualment a l\u2019hora concretada. Passats 10 minuts de l\u2019hora d\u2019inici, no ser\u00e0 possible afegir-se al grup.<br>Les visites hauran de reservar-se amb antelaci\u00f3 donat el seu aforament limitat. En cas de presentar-se sense reserva se\u2019ls podr\u00e0 afegir a un visita en cas de que d\u2019haver-hi places lliures.<\/p>\n\n\n\n<h3 class=\"wp-block-heading\">4.4 Cancel\u00b7laci\u00f3 de Reserva<\/h3>\n\n\n\n<p>Finca Viladellops ofereix al Client la possibilitat d\u2019anul\u00b7lar la seva reserva a trav\u00e9s de la direcci\u00f3 de correu electr\u00f2nic&nbsp;<a href=\"mailto:info@viladellops.com\">info@viladellops.com<\/a>. En cas d\u2019anul\u00b7laci\u00f3 de la visita, no es retornar\u00e0 l\u2019import cobrat.<\/p>\n\n\n\n<p>No obstant, el Client podr\u00e0 realitzar la visita un altre dia diferent a concretar amb el celler i durant un per\u00edode m\u00e0xim de 2 mesos.<br>Finca Viladellops es reserva el dret de modificat unilateralment el contingut, recorregut, alterar al duraci\u00f3 de la visita per causes raonables, tals com pluja, boira o altres condicions meteorol\u00f2giques, falta de subministrament el\u00e8ctric, fallades mec\u00e0niques o inform\u00e0tiques, etc.<\/p>\n\n\n\n<p>En el cas de que Finca Viladellops cancel\u00b7l\u00e9s la visita per causes imputables a l\u2019empresa abans del seu inici, existir\u00e0 el dret de reemborsament dels imports pagats.<br>Per a qualsevol reclamaci\u00f3 o consulta pot dirigir-se a la seg\u00fcent direcci\u00f3 de correu electr\u00f2nic:&nbsp;<a href=\"mailto:info@viladellops.com\">info@viladellops.com<\/a><\/p>\n\n\n\n<h2 class=\"wp-block-heading\">Idioma<\/h2>\n\n\n\n<p>L\u2019idioma en el qual es perfeccionar\u00e0 el contracte entre Finca Viladellops i el Client catal\u00e0.<\/p>\n\n\n\n<h2 class=\"wp-block-heading\">Responsabilitats de Finca Viladellops<\/h2>\n\n\n\n<p>Finca Viladellops garanteix la qualitat del Servei contractat a trav\u00e9s del seu Lloc Web. Queden garantits tots els drets que les Lleis en vigor garanteixen als consumidors i usuaris.<\/p>\n\n\n\n<p>L\u2019 incompliment de qualsevol d\u2019aquestes Condicions Generals de Contractaci\u00f3 podr\u00e0 donar lloc a la cancel\u00b7laci\u00f3 dels Serveis contractats pel Client.<\/p>\n\n\n\n<h2 class=\"wp-block-heading\">Responsabilitats del Client<\/h2>\n\n\n\n<p>El Client s\u2019obliga a realitzar un \u00fas l\u00edcit dels Serveis, sense contravenir la legislaci\u00f3 vigent, ni lesionar els drets i interessos de terceres persones.<\/p>\n\n\n\n<p>El Client garanteix la veracitat i exactitud de les dades facilitades al complimentar els formularis de contractaci\u00f3, evitant la causaci\u00f3 de perjudicis a Finca Viladellops producte de la incorrecci\u00f3 dels mateixos.<\/p>\n\n\n\n<p>L\u2019 incompliment de qualsevol d\u2019aquestes Condicions Generals de Contractaci\u00f3 podr\u00e0 donar llor a la retirada o cancel\u00b7laci\u00f3 dels Serveis per part de Finca Viladellops sense necessitat de previ av\u00eds al Client i sense que aix\u00f2 li doni dret a cap tipus d\u2019indemnitzaci\u00f3.<\/p>\n\n\n\n<h2 class=\"wp-block-heading\">Dades personals i comunicacions comercials<\/h2>\n\n\n\n<p>Sense prejudici del previst en l\u2019indicat en cada un dels formularis del Lloc Web, les dades personals que el Client faciliti formaran part d\u2019un fitxer titularitat de Finca Viladellops amb la finalitat de gestionar i atendre la seva sol\u00b7licitud, aix\u00f2 com per a poder remetre la informaci\u00f3 sobre els productes que elaborem i distribu\u00efm, tant per mitjans postals com electr\u00f2nics.<\/p>\n\n\n\n<p>Pot exercir els seus drets d\u2019acc\u00e9s, rectificaci\u00f3, cancel\u00b7laci\u00f3 i oposici\u00f3, aix\u00ed com revocar el consentiment prestat per a l\u2019enviament de comunicacions comercials, enviant un correu electr\u00f2nics a la direcci\u00f3&nbsp;<a href=\"mailto:info@viladellops.com\">info@viladellops.com<\/a>&nbsp;o una carta dirigida a: Finca Viladellops, Finca Viladellops 08734 Viladellops (Ol\u00e8rdola)<\/p>\n\n\n\n<h2 class=\"wp-block-heading\">Propietat Industrial i Intel\u00b7lectual<\/h2>\n\n\n\n<p>Els drets de propietat intel\u00b7lectual i industrial sobre les creacions, marques, logotips, i qualsevol altre susceptible de protecci\u00f3, continguts al Lloc Web de Finca Viladellops corresponen en exclusiva a Finca Viladellops o a tercers que han autoritzat la seva inclusi\u00f3 al Lloc Web. La reproducci\u00f3, distribuci\u00f3, comercialitzaci\u00f3 o transformaci\u00f3 no autoritzades de dites creacions, marques, logotips, etc. constitueix una infracci\u00f3 dels drets de propietat intel\u00b7lectual i industrial de Finca Viladellops o del titular dels mateixos, i podr\u00e0 donar lloc a l\u2019exercici de quantes accions judicials o extrajudicials li poguessin correspondre en l\u2019exercici dels seus drets.<\/p>\n\n\n\n<p>Aix\u00ed mateix, la informaci\u00f3 a la qual el Client pot accedir a trav\u00e9s del Lloc Web, pot estar protegida per drets de propietat intel\u00b7lectual o d\u2019una altra \u00edndole. Finca Viladellops no ser\u00e0 responsable en cap cas i sota cap concepte de les infraccions de tals drets que pugui cometre com a usuari.<\/p>\n\n\n\n<h2 class=\"wp-block-heading\">Jurisdicci\u00f3 i Llei aplicable<\/h2>\n\n\n\n<p>En el sup\u00f2sit de que sorg\u00eds qualsevol conflicte o discrep\u00e0ncia en la interpretaci\u00f3 o aplicaci\u00f3 de les presents Condicions Generals de Contractaci\u00f3, els Jutjats i Tribunals que, en el seu cas, coneixeran de l\u2019assumpte, seran els que disposi la normativa legal aplicable en mat\u00e8ria de jurisdicci\u00f3 competent, en la qual s\u2019at\u00e9n, tractant-se de consumidors finals, al lloc de compliment de l\u2019obligaci\u00f3 o al del domicili de la part compradora.<\/p>\n\n\n\n<p>En cas de que es tracti d\u2019una compravenda realitzada per una empresa, ambdues parts es sotmeten, amb ren\u00fancia expressa a qualsevol altre fur, als Jutjats i Tribunals de Barcelona (Espanya).<\/p>\n","protected":false},"excerpt":{"rendered":"<p>Dades fiscals de Viladellops Denominaci\u00f3 Viladellops Vin\u00edcola SL CIF ESB60460409 Adre\u00e7a Viladellops 508734 Ol\u00e8rdolaBarcelona \u2013 Espanya Tel\u00e8fon (+34) 938 188 371 eMail info@viladellops.com Objecte i \u00e0mbit d\u2019aplicaci\u00f3 Les presents Condicions Generals de Contractaci\u00f3 tenen com a objecte regular la relaci\u00f3 entre Viladellops Vinicola S.L (en endavant \u201cFinca Viladellops\u201d i\/o la Companyia) i vost\u00e8 (en endavant, [&hellip;]<\/p>\n","protected":false},"author":584,"featured_media":0,"parent":0,"menu_order":0,"comment_status":"closed","ping_status":"closed","template":"","meta":{"_acf_changed":false,"footnotes":""},"class_list":["post-1194","page","type-page","status-publish","hentry"],"acf":[],"_links":{"self":[{"href":"https:\/\/www.viladellops.com\/ca\/wp-json\/wp\/v2\/pages\/1194","targetHints":{"allow":["GET"]}}],"collection":[{"href":"https:\/\/www.viladellops.com\/ca\/wp-json\/wp\/v2\/pages"}],"about":[{"href":"https:\/\/www.viladellops.com\/ca\/wp-json\/wp\/v2\/types\/page"}],"author":[{"embeddable":true,"href":"https:\/\/www.viladellops.com\/ca\/wp-json\/wp\/v2\/users\/584"}],"replies":[{"embeddable":true,"href":"https:\/\/www.viladellops.com\/ca\/wp-json\/wp\/v2\/comments?post=1194"}],"version-history":[{"count":1,"href":"https:\/\/www.viladellops.com\/ca\/wp-json\/wp\/v2\/pages\/1194\/revisions"}],"predecessor-version":[{"id":1196,"href":"https:\/\/www.viladellops.com\/ca\/wp-json\/wp\/v2\/pages\/1194\/revisions\/1196"}],"wp:attachment":[{"href":"https:\/\/www.viladellops.com\/ca\/wp-json\/wp\/v2\/media?parent=1194"}],"curies":[{"name":"wp","href":"https:\/\/api.w.org\/{rel}","templated":true}]}}