{"id":1232,"date":"2025-11-11T11:01:14","date_gmt":"2025-11-11T10:01:14","guid":{"rendered":"https:\/\/www.viladellops.com\/?page_id=1232"},"modified":"2026-01-08T16:46:28","modified_gmt":"2026-01-08T15:46:28","slug":"wine-village-poble-vitivinicola-al-penedes","status":"publish","type":"page","link":"https:\/\/www.viladellops.com\/ca\/wine-village-poble-vitivinicola-al-penedes\/","title":{"rendered":"La finca"},"content":{"rendered":"<figure class=\"alignfull wp-block-post-featured-image\"><img loading=\"lazy\" decoding=\"async\" width=\"2000\" height=\"1000\" src=\"https:\/\/www.viladellops.com\/wp-content\/uploads\/2025\/12\/wine-village-finca-viladellops-near-barcelona-1.webp\" class=\"attachment-full size-full wp-post-image\" alt=\"\" style=\"object-fit:cover;\" srcset=\"https:\/\/www.viladellops.com\/wp-content\/uploads\/2025\/12\/wine-village-finca-viladellops-near-barcelona-1.webp 2000w, https:\/\/www.viladellops.com\/wp-content\/uploads\/2025\/12\/wine-village-finca-viladellops-near-barcelona-1-300x150.webp 300w, https:\/\/www.viladellops.com\/wp-content\/uploads\/2025\/12\/wine-village-finca-viladellops-near-barcelona-1-600x300.webp 600w, https:\/\/www.viladellops.com\/wp-content\/uploads\/2025\/12\/wine-village-finca-viladellops-near-barcelona-1-480x240.webp 480w, https:\/\/www.viladellops.com\/wp-content\/uploads\/2025\/12\/wine-village-finca-viladellops-near-barcelona-1-986x493.webp 986w, https:\/\/www.viladellops.com\/wp-content\/uploads\/2025\/12\/wine-village-finca-viladellops-near-barcelona-1-768x384.webp 768w, https:\/\/www.viladellops.com\/wp-content\/uploads\/2025\/12\/wine-village-finca-viladellops-near-barcelona-1-1536x768.webp 1536w, https:\/\/www.viladellops.com\/wp-content\/uploads\/2025\/12\/wine-village-finca-viladellops-near-barcelona-1-380x190.webp 380w\" sizes=\"auto, (max-width: 2000px) 100vw, 2000px\" \/><\/figure>\n\n\n<section  class=\"dm-block paragraphs \"> <!-- section -->\n\n\t<div class=\"\"> <!-- if is a full width section, apply container -->\n\n\t\t\t\t\t<h1 class=\"mb-2 text-2xl\">Un wine village al Pened\u00e8s<\/h1>\t\t\n\t\t\t\t\t<h2 class=\"text-xl mt-0\">El poble on fer enoturisme a Catalunya<\/h2>\n\t\t\n\t\t\t\t\t<div class=\"grid mt-8 lg:grid-cols-2 gap-8\">\n\t\t\t\t\t\t\t\t<div>\n\t\t\t\t\t\t\t\t\t\t\t<p>Va ser a partir de l\u2019any 930 quan Finca Viladellops va iniciar la seva hist\u00f2ria al costat del castell d\u2019Ol\u00e8rdola, amb una torre medieval, actualment perfectament conservada, i que significa l\u2019inici de la creaci\u00f3 del poble vitivin\u00edcola que porta el seu nom: Viladellops.<\/p>\n<p>Arrelats a la nostra hist\u00f2ria, la finca compta amb un patrimoni cultural que testimonia la fortalesa de tot el conjunt, donant com a resultat un projecte on la tradici\u00f3, la terra i el vi en s\u00f3n els principals protagonistes. El celler elabora vi des de 1877, aplicant m\u00e8todes tradicionals que encara s\u2019utilitzen avui dia.<\/p>\n\t\t\t\t\t\t\t\t\t<\/div>\n\t\t\t\t\t\t\t\t<div>\n\t\t\t\t\t\t\t\t\t\t\t<p>A la d\u00e8cada dels noranta, el celler va passar per un proc\u00e9s de modernitzaci\u00f3 i va optar per centrar-se en la creaci\u00f3 de vins d\u2019alta qualitat amb una ess\u00e8ncia mediterr\u00e0nia marcada. Aquest nou projecte va introduir a la Finca Viladellops les varietats de ra\u00efm aut\u00f2ctones com a base dels vins per transmetre la tipicitat i l\u2019estima de la zona: la Garnatxa i el Xarel\u00b7lo. Des d\u2019aquell moment, seguim amb la tradici\u00f3 familiar per l\u2019elaboraci\u00f3 dels nostres vins i per l\u2019estima de les nostres terres 100% mediterr\u00e0nies.<\/p>\n<p>Finca Viladellops \u00e9s el reflex d\u2019un poble vitivin\u00edcola amb antiguitat, autenticitat familiar i hist\u00f2ria.<\/p>\n\t\t\t\t\t\t\t\t\t<\/div>\n\t\t\t\t\t\t\t<\/div>\n\t\t\n\t<\/div>\n\n<\/section>\n\n<section  class=\"dm-block gallery alignfull \"> <!-- section -->\n\n    <div class=\"px-4\"> <!-- if is a full width section, apply container -->\n\n\t\t\t\t\t\t<div class=\"dm-gallery-wrapper list-layout xl:flex gap-2\">\n\t\t\t\t\t\t\t\t\t\t\t<div class=\"gallery-item\">\n\t\t\t\t\t\t\t<a href=\"https:\/\/www.viladellops.com\/wp-content\/uploads\/2025\/12\/finca-viladellops-cellers.webp\" data-fancybox=\"gallery_6a06f1b942686\">\n\t\t\t\t\t\t\t\t<img decoding=\"async\" class=\"gallery-image\" src=\"https:\/\/www.viladellops.com\/wp-content\/uploads\/2025\/12\/finca-viladellops-cellers.webp\" alt=\"\" \/>\n\t\t\t\t\t\t\t<\/a>\n\t\t\t\t\t\t<\/div>\n\t\t\t\t\t\t\t\t\t\t\t<div class=\"gallery-item\">\n\t\t\t\t\t\t\t<a href=\"https:\/\/www.viladellops.com\/wp-content\/uploads\/2025\/12\/viladellops-wine-tasting-products-3.webp\" data-fancybox=\"gallery_6a06f1b942686\">\n\t\t\t\t\t\t\t\t<img decoding=\"async\" class=\"gallery-image\" src=\"https:\/\/www.viladellops.com\/wp-content\/uploads\/2025\/12\/viladellops-wine-tasting-products-3.webp\" alt=\"\" \/>\n\t\t\t\t\t\t\t<\/a>\n\t\t\t\t\t\t<\/div>\n\t\t\t\t\t\t\t\t\t\t\t<div class=\"gallery-item\">\n\t\t\t\t\t\t\t<a href=\"https:\/\/www.viladellops.com\/wp-content\/uploads\/2025\/12\/wine-village-villadellops-wine-tours.webp\" data-fancybox=\"gallery_6a06f1b942686\">\n\t\t\t\t\t\t\t\t<img decoding=\"async\" class=\"gallery-image\" src=\"https:\/\/www.viladellops.com\/wp-content\/uploads\/2025\/12\/wine-village-villadellops-wine-tours.webp\" alt=\"\" \/>\n\t\t\t\t\t\t\t<\/a>\n\t\t\t\t\t\t<\/div>\n\t\t\t\t\t\t\t\t\t\t\t<div class=\"gallery-item\">\n\t\t\t\t\t\t\t<a href=\"https:\/\/www.viladellops.com\/wp-content\/uploads\/2025\/12\/enoturisme-finca-viladellops.webp\" data-fancybox=\"gallery_6a06f1b942686\">\n\t\t\t\t\t\t\t\t<img decoding=\"async\" class=\"gallery-image\" src=\"https:\/\/www.viladellops.com\/wp-content\/uploads\/2025\/12\/enoturisme-finca-viladellops.webp\" alt=\"\" \/>\n\t\t\t\t\t\t\t<\/a>\n\t\t\t\t\t\t<\/div>\n\t\t\t\t\t\t\t\t\t\t\t<div class=\"gallery-item\">\n\t\t\t\t\t\t\t<a href=\"https:\/\/www.viladellops.com\/wp-content\/uploads\/2025\/12\/bed-and-breakfast-casa-de-pedra-viladellops-wine-tasting.webp\" data-fancybox=\"gallery_6a06f1b942686\">\n\t\t\t\t\t\t\t\t<img decoding=\"async\" class=\"gallery-image\" src=\"https:\/\/www.viladellops.com\/wp-content\/uploads\/2025\/12\/bed-and-breakfast-casa-de-pedra-viladellops-wine-tasting.webp\" alt=\"\" \/>\n\t\t\t\t\t\t\t<\/a>\n\t\t\t\t\t\t<\/div>\n\t\t\t\t\t\t\t\t\t\t\t<div class=\"gallery-item\">\n\t\t\t\t\t\t\t<a href=\"https:\/\/www.viladellops.com\/wp-content\/uploads\/2025\/12\/viladellops-wine-tours-tasting.webp\" data-fancybox=\"gallery_6a06f1b942686\">\n\t\t\t\t\t\t\t\t<img decoding=\"async\" class=\"gallery-image\" src=\"https:\/\/www.viladellops.com\/wp-content\/uploads\/2025\/12\/viladellops-wine-tours-tasting.webp\" alt=\"\" \/>\n\t\t\t\t\t\t\t<\/a>\n\t\t\t\t\t\t<\/div>\n\t\t\t\t\t\t\t\t\t<\/div>\n\t\t\t\t<\/div>\n\n<\/section>\n\n\n\n<div  class=\"dm-block block-tabs alignfull\">\n    <div class=\"gap-6 grid md:grid-cols-2  container\">\n        <div class=\"w-full m-auto\">\n            <h2 class=\"font-bold mb-4\">Poble vitivin\u00edcola d&#8217;inter\u00e8s cultural<\/h2>\n            <p class=\"font-bold text-base mb-5\"><\/p>\n            <p>Al voltant de la Finca Viladellops es poden trobar diferents punts d\u2019inter\u00e8s cultural lligats a la nostra finca que ajuden a entendre moments de la nostra hist\u00f2ria. Pots con\u00e8ixer la traject\u00f2ria de la nostra fam\u00edlia durant tots aquests anys al capdavant de la Finca Viladellops i el seu celler. Si t\u2019agraden els monuments, dins de les nostres vinyes pots trobar la torre medieval del segle XI, declarada B\u00e9 d\u2019Inter\u00e8s Cultural, i l\u2019ermita de Sant Joan, una ermita d\u2019estil rom\u00e0nic restaurada per la fam\u00edlia l\u2019any 1950.<\/p>\n<p>Actualment, el poble el componen 18 masies (allotjaments tur\u00edstics t\u00edpics de la zona) que donen al poble el mateix ambient que fa 100 anys, ja que s\u2019han preservat completament l\u2019arquitectura i l\u2019entorn.<\/p>\n                            <a href=\"\/ca\/enoturisme-al-penedes\/\" class=\"button-primary\">Descobreix les nostres visites enotur\u00edstiques<\/a>\n                    <\/div>\n        <div class=\"tabs\">\n            <div class=\"tabs__select relative flex justify-between\">\n                <span>Seleccionar&#8230;<\/span>\n                <svg xmlns=\"http:\/\/www.w3.org\/2000\/svg\" width=\"24\" height=\"24\" fill=\"currentColor\" class=\"transition-all duration-300\" viewBox=\"0 0 16 16\">\n                    <path fill-rule=\"evenodd\" d=\"M1.646 4.646a.5.5 0 0 1 .708 0L8 10.293l5.646-5.647a.5.5 0 0 1 .708.708l-6 6a.5.5 0 0 1-.708 0l-6-6a.5.5 0 0 1 0-.708\" \/>\n                <\/svg>\n            <\/div>\n            <div class=\"tabs__menu md:flex-row flex-col w-full\">\n                                    <h3 class=\"tab w-fit my-0 leading-0 px-8 py-5 text-center md:text-gray-900  active\" data-tab=\"tab1\">Centre d&#8217;interpretaci\u00f3<\/h3>\n                                                        <h3 class=\"tab w-fit my-0 leading-0 px-8 py-5 text-center md:text-gray-900 \" data-tab=\"tab2\">Ermita de Sant Joan del s. XIII<\/h3>\n                                                        <h3 class=\"tab w-fit my-0 leading-0 px-8 py-5 text-center md:text-gray-900 \" data-tab=\"tab3\">Torre Medieval del s. XI<\/h3>\n                                                <\/div>\n            <div class=\"text-left justify-center mt-4\">\n                <div class=\"-mt-px w-auto m-auto\">\n                                                                <div id=\"tab1\" class=\"tabs__content active\" data-id=\"tab1\">\n                            <p>Espai on s\u2019explica la traject\u00f2ria de la fam\u00edlia i la hist\u00f2ria de Catalunya a partir de la documentaci\u00f3 textual, gr\u00e0fica i fotogr\u00e0fica de l\u2019<strong>Arxiu Desvalls<\/strong>. Un projecte cultural pioner, col\u00b7laboratiu entre el sector p\u00fablic i privat, que afavoreix el patrimoni documental en el seu context territorial, en aquest cas la comarca de l\u2019Alt Pened\u00e8s.<\/p>\n<p>El fons documental de l\u2019<strong>Arxiu de la Fam\u00edlia Desvalls<\/strong>\u00a0abasta des de l\u2019any 981 fins al 1983. Est\u00e0 format per 4.529 pergamins, 289 capses d\u2019arxiu amb manuscrits i documentaci\u00f3 en paper, 554 imatges (172 plaques de vidre, 377 positius b\/n i 5 positius color) i 203 pl\u00e0nols i dibuixos en tela, pergam\u00ed, paper i paper vegetal.<\/p>\n                        <\/div>\n                                                                    <div id=\"tab2\" class=\"tabs__content\" data-id=\"tab2\">\n                            <p>Capella d\u2019una nau rectangular restaurada el 1950 per la propietat. D\u2019estil rom\u00e0nic data del s.XIII. A la fa\u00e7ana de ponent hi presideix un porta de punt rod\u00f3 i ull de bou de doble esqueixada. T\u00e9 un campanar de cadireta. A la fa\u00e7ana hi ha afegida la sagristia, obra barroca. L\u2019ara primitiva d\u2019altar, amb forats per les rel\u00edquies, l\u2019han posada a fora amb un peu de pedra i hi celebren missa quan no s\u2019hi cap a l\u2019interior.<\/p>\n<p><strong>L\u2019any 1951, la campana va ser batejada amb el nom de Margarida per l\u2019avi de Marcelo Desvalls<\/strong>, en honor a la seva dona.<\/p>\n                        <\/div>\n                                                                    <div id=\"tab3\" class=\"tabs__content\" data-id=\"tab3\">\n                            <p>Dins d\u2019una de les masies que conformen la Finca Viladellops, \u00e9s un edifici declarat\u00a0<strong>B\u00e9 Cultural d\u2019Inter\u00e8s Nacional (BCIN)<\/strong>. La torre t\u00e9 planta circular i est\u00e0 constru\u00efda amb carreus irregulars disposats en fileres horitzontals. El lloc s\u2019esmenta per primer cop l\u2019any 976, en una donaci\u00f3 de terres situades dins el terme del Castell d\u2019Ol\u00e8rdola. L\u2019al\u00e7ada fins al primer pis, des de l\u2019exterior, \u00e9s, aproximadament, d\u2019uns 7 metres. L\u2019aparell constructiu est\u00e0 format per pedres irregulars i a l\u2019interior s\u2019hi observa un \u201copus spicatum\u201d o espiga de blat, el tipus de construcci\u00f3 utilitzada en temps romans i medievals.<\/p>\n<p>L\u2019edifici adossat a l\u2019oest de la torre \u00e9s considerat una pres\u00f3 o, per alguns, la\u00a0<strong>capella de Sant Joan<\/strong>\u00a0vell. Fa 4,5 metres de llarg i 180 cm d\u2019al\u00e7ada.<\/p>\n                        <\/div>\n                                                            <\/div>\n            <\/div>\n        <\/div>\n    <\/div>\n<\/div>\n\n<section  class=\"dm-block gallery alignfull \"> <!-- section -->\n\n    <div class=\"px-4\"> <!-- if is a full width section, apply container -->\n\n\t\t\t\t\t\t<div class=\"dm-gallery-wrapper list-layout xl:flex gap-2\">\n\t\t\t\t\t\t\t\t\t\t\t<div class=\"gallery-item\">\n\t\t\t\t\t\t\t<a href=\"https:\/\/www.viladellops.com\/wp-content\/uploads\/2025\/12\/viladellops-wine-tasting-products.webp\" data-fancybox=\"gallery_6a06f1b94654e\">\n\t\t\t\t\t\t\t\t<img decoding=\"async\" class=\"gallery-image\" src=\"https:\/\/www.viladellops.com\/wp-content\/uploads\/2025\/12\/viladellops-wine-tasting-products.webp\" alt=\"\" \/>\n\t\t\t\t\t\t\t<\/a>\n\t\t\t\t\t\t<\/div>\n\t\t\t\t\t\t\t\t\t\t\t<div class=\"gallery-item\">\n\t\t\t\t\t\t\t<a href=\"https:\/\/www.viladellops.com\/wp-content\/uploads\/2025\/12\/viladellops-wine-tasting-products-2.webp\" data-fancybox=\"gallery_6a06f1b94654e\">\n\t\t\t\t\t\t\t\t<img decoding=\"async\" class=\"gallery-image\" src=\"https:\/\/www.viladellops.com\/wp-content\/uploads\/2025\/12\/viladellops-wine-tasting-products-2.webp\" alt=\"\" \/>\n\t\t\t\t\t\t\t<\/a>\n\t\t\t\t\t\t<\/div>\n\t\t\t\t\t\t\t\t\t\t\t<div class=\"gallery-item\">\n\t\t\t\t\t\t\t<a href=\"https:\/\/www.viladellops.com\/wp-content\/uploads\/2025\/12\/viladellops-hsitory-chapel-saint-john.webp\" data-fancybox=\"gallery_6a06f1b94654e\">\n\t\t\t\t\t\t\t\t<img decoding=\"async\" class=\"gallery-image\" src=\"https:\/\/www.viladellops.com\/wp-content\/uploads\/2025\/12\/viladellops-hsitory-chapel-saint-john.webp\" alt=\"\" \/>\n\t\t\t\t\t\t\t<\/a>\n\t\t\t\t\t\t<\/div>\n\t\t\t\t\t\t\t\t\t\t\t<div class=\"gallery-item\">\n\t\t\t\t\t\t\t<a href=\"https:\/\/www.viladellops.com\/wp-content\/uploads\/2025\/12\/wine-tours-cultural-interest-history-viladellops.webp\" data-fancybox=\"gallery_6a06f1b94654e\">\n\t\t\t\t\t\t\t\t<img decoding=\"async\" class=\"gallery-image\" src=\"https:\/\/www.viladellops.com\/wp-content\/uploads\/2025\/12\/wine-tours-cultural-interest-history-viladellops.webp\" alt=\"\" \/>\n\t\t\t\t\t\t\t<\/a>\n\t\t\t\t\t\t<\/div>\n\t\t\t\t\t\t\t\t\t\t\t<div class=\"gallery-item\">\n\t\t\t\t\t\t\t<a href=\"https:\/\/www.viladellops.com\/wp-content\/uploads\/2025\/12\/11th-century-towr-finca-viladellops-history-cultural-interest.webp\" data-fancybox=\"gallery_6a06f1b94654e\">\n\t\t\t\t\t\t\t\t<img decoding=\"async\" class=\"gallery-image\" src=\"https:\/\/www.viladellops.com\/wp-content\/uploads\/2025\/12\/11th-century-towr-finca-viladellops-history-cultural-interest.webp\" alt=\"\" \/>\n\t\t\t\t\t\t\t<\/a>\n\t\t\t\t\t\t<\/div>\n\t\t\t\t\t\t\t\t\t\t\t<div class=\"gallery-item\">\n\t\t\t\t\t\t\t<a href=\"https:\/\/www.viladellops.com\/wp-content\/uploads\/2025\/12\/viladellops-wine-tasting-products-1.webp\" data-fancybox=\"gallery_6a06f1b94654e\">\n\t\t\t\t\t\t\t\t<img decoding=\"async\" class=\"gallery-image\" src=\"https:\/\/www.viladellops.com\/wp-content\/uploads\/2025\/12\/viladellops-wine-tasting-products-1.webp\" alt=\"\" \/>\n\t\t\t\t\t\t\t<\/a>\n\t\t\t\t\t\t<\/div>\n\t\t\t\t\t\t\t\t\t<\/div>\n\t\t\t\t<\/div>\n\n<\/section>\n\n\n\n<section  class=\"dm-block block-img-section \">\n\n    <div class=\"flex flex-col gap-20 lg:grid lg:grid-cols-2 lg:items-center \">\n        <div class=\"h-full  lg:order-2\">\n\n                            <img loading=\"lazy\" decoding=\"async\" width=\"900\" height=\"1200\" src=\"https:\/\/www.viladellops.com\/wp-content\/uploads\/2025\/12\/viladellops-authentic-family-owned-project.webp\" class=\"w-full h-full aspect-square object-cover rounded-xl object-center\" alt=\"\" srcset=\"https:\/\/www.viladellops.com\/wp-content\/uploads\/2025\/12\/viladellops-authentic-family-owned-project.webp 900w, https:\/\/www.viladellops.com\/wp-content\/uploads\/2025\/12\/viladellops-authentic-family-owned-project-300x400.webp 300w, https:\/\/www.viladellops.com\/wp-content\/uploads\/2025\/12\/viladellops-authentic-family-owned-project-600x800.webp 600w, https:\/\/www.viladellops.com\/wp-content\/uploads\/2025\/12\/viladellops-authentic-family-owned-project-360x480.webp 360w, https:\/\/www.viladellops.com\/wp-content\/uploads\/2025\/12\/viladellops-authentic-family-owned-project-740x986.webp 740w, https:\/\/www.viladellops.com\/wp-content\/uploads\/2025\/12\/viladellops-authentic-family-owned-project-768x1024.webp 768w, https:\/\/www.viladellops.com\/wp-content\/uploads\/2025\/12\/viladellops-authentic-family-owned-project-285x380.webp 285w\" sizes=\"auto, (max-width: 900px) 100vw, 900px\" \/>            \n            \n            \n            \n            \n            \n        <\/div>\n        <div class=\"xl:max-w-[605px]\">\n\n            \n                                                    <h2 class=\"mb-0 text-primary\">\n                                                    Un projecte familiar aut\u00e8ntic                                                <\/h2>\n                                                                    <div class=\"my-5 text-base leading-normal\">\n                    <p>La fam\u00edlia Desvalls, propiet\u00e0ria de Finca Viladellops, fins al 1980 elaborava el vi de manera tradicional, per\u00f2 a partir del 1999, la nova generaci\u00f3 de la fam\u00edlia, va apostar per la vitivinicultura moderna. Aix\u00f2 va donar lloc a un projecte t\u00edpic 100% mediterrani introduint les varietats de ra\u00efm m\u00e9s aut\u00f2ctones i properes: la Garnatxa i el Xarel\u00b7lo.<\/p>\n<p>Des del primer dia, la fam\u00edlia Desvalls ha estat vinculada a la terra i l&#8217;ha cuidat per mantenir el paisatge aut\u00f2cton. La generaci\u00f3 actual segueix la mateixa filosofia i mant\u00e9 la tradici\u00f3. Apostant sempre per la sostenibilitat a l&#8217;hora d&#8217;elaborar els vins per aconseguir vins amb car\u00e0cter 100% mediterrani.<\/p>\n<p><strong>Marcelo Desvalls<\/strong>, actual propietari, \u00e9s el principal creador d&#8217;aquesta nova era de Finca Viladellops, derivant-lo a un projecte sentimental on evocar tots els esfor\u00e7os.<\/p>\n<p>Ell mateix explica:<\/p>\n<blockquote><p><em>&#8220;Vaig n\u00e9ixer entre vinyes, i la meva inf\u00e0ncia ha estat vinculada a la terra. M&#8217;agradaria i aix\u00ed espero, poder deixar un llegat i traspassar el testimoni a la seg\u00fcent generaci\u00f3. Des dels inicis he buscat amb passi\u00f3 respectar el paisatge i juntament amb tot el meu equip elaborar uns vins de qualitat que expressin la m\u00e0gia del Mass\u00eds&#8221;<\/em><\/p><\/blockquote>\n                <\/div>\n                        \n                    <\/div>\n            <\/div>\n\n<\/section>","protected":false},"excerpt":{"rendered":"","protected":false},"author":584,"featured_media":1231,"parent":0,"menu_order":0,"comment_status":"closed","ping_status":"closed","template":"","meta":{"_acf_changed":false,"footnotes":""},"class_list":["post-1232","page","type-page","status-publish","has-post-thumbnail","hentry"],"acf":[],"_links":{"self":[{"href":"https:\/\/www.viladellops.com\/ca\/wp-json\/wp\/v2\/pages\/1232","targetHints":{"allow":["GET"]}}],"collection":[{"href":"https:\/\/www.viladellops.com\/ca\/wp-json\/wp\/v2\/pages"}],"about":[{"href":"https:\/\/www.viladellops.com\/ca\/wp-json\/wp\/v2\/types\/page"}],"author":[{"embeddable":true,"href":"https:\/\/www.viladellops.com\/ca\/wp-json\/wp\/v2\/users\/584"}],"replies":[{"embeddable":true,"href":"https:\/\/www.viladellops.com\/ca\/wp-json\/wp\/v2\/comments?post=1232"}],"version-history":[{"count":6,"href":"https:\/\/www.viladellops.com\/ca\/wp-json\/wp\/v2\/pages\/1232\/revisions"}],"predecessor-version":[{"id":3345,"href":"https:\/\/www.viladellops.com\/ca\/wp-json\/wp\/v2\/pages\/1232\/revisions\/3345"}],"wp:featuredmedia":[{"embeddable":true,"href":"https:\/\/www.viladellops.com\/ca\/wp-json\/wp\/v2\/media\/1231"}],"wp:attachment":[{"href":"https:\/\/www.viladellops.com\/ca\/wp-json\/wp\/v2\/media?parent=1232"}],"curies":[{"name":"wp","href":"https:\/\/api.w.org\/{rel}","templated":true}]}}