{"id":1250,"date":"2025-11-11T11:01:23","date_gmt":"2025-11-11T10:01:23","guid":{"rendered":"https:\/\/www.viladellops.com\/?page_id=1250"},"modified":"2026-01-08T16:46:32","modified_gmt":"2026-01-08T15:46:32","slug":"finca-ecologica-i-sostenible","status":"publish","type":"page","link":"https:\/\/www.viladellops.com\/ca\/finca-ecologica-i-sostenible\/","title":{"rendered":"Sostenibilitat"},"content":{"rendered":"\n<section  class=\"mini-hero alignfull relative py-12 lg:py-24\">\n\t<!-- section -->\n\t<img decoding=\"async\" src=\"https:\/\/www.viladellops.com\/wp-content\/uploads\/2025\/12\/organic-and-sustainable-winery.webp\" alt=\"\"\n\t\tclass=\"absolute inset-0 w-full lg:max-h-[400px] h-full object-cover\">\n\t<div class=\"container\">\n\t\t<!-- if is a full width section, apply container -->\n\t\t<div class=\"py-12 relative z-10\">\n\t\t\t\n\t\t\t\t\t<\/div>\n\n\t<\/div>\n\n\n<\/section>\n\n\n<section  class=\"dm-block paragraphs \"> <!-- section -->\n\n\t<div class=\"\"> <!-- if is a full width section, apply container -->\n\n\t\t\t\t\t<h1 class=\"mb-2 text-2xl\">Finca ecol\u00f2gica<\/h1>\t\t\n\t\t\t\t\t<h2 class=\"text-xl mt-0\">El nostre comprom\u00eds amb la sostenibilitat<\/h2>\n\t\t\n\t\t\t\t\t<div class=\"grid mt-8 lg:grid-cols-2 gap-8\">\n\t\t\t\t\t\t\t\t<div>\n\t\t\t\t\t\t\t\t\t\t\t<p>La terra i la vinya \u00e9s la part m\u00e9s essencial de Finca Viladellops, per aix\u00f2 no podem percebre el nostre treball al camp sense la visi\u00f3 sostenible i ecol\u00f2gica. Vivim per i amb la natura i la vinya dona sentit a la nostra hist\u00f2ria.<\/p>\n<p>La base d\u2019una finca ecol\u00f2gica i sostenible \u00e9s el respecte i l\u2019escolta de la terra i la seva finalitat \u00e9s obtenir el fruit de m\u00e0xima qualitat respectant el medi ambient i conservant la fertilitat de la terra mitjan\u00e7ant la utilitzaci\u00f3 \u00f2ptima dels recursos naturals. Per a aix\u00f2 emprem m\u00e8todes de cultiu biol\u00f2gics i mec\u00e0nics i evitem els productes qu\u00edmics de s\u00edntesi. Les 60 hect\u00e0rees de vinyes pr\u00f2pies estan certificades com a vinyes 100% ecol\u00f2giques pel Consell Catal\u00e0 de la Producci\u00f3 Agr\u00e0ria Ecol\u00f2gica (CCPAE).<\/p>\n\t\t\t\t\t\t\t\t\t<\/div>\n\t\t\t\t\t\t\t\t<div>\n\t\t\t\t\t\t\t\t\t\t\t<p>Treballar amb varietats aut\u00f2ctones tamb\u00e9 forma part d\u2019aquesta mentalitat de finca ecol\u00f2gica i metodologia sostenible, per aix\u00f2 les dues varietats que es conreen a Finca Viladellops s\u00f3n la Garnatxa i el Xarel\u00b7lo. La Garnatxa \u00e9s una varietat resistent a la sequera i adaptada a la forta insolaci\u00f3, per aix\u00f2 va ser una aposta segura per a les nostres terres. El Xarel\u00b7lo prefereix admet s\u00f2ls poc compactes i s\u2019adapta perfectament als microclimes de la zona de la conca mediterr\u00e0nia, \u00e9s a dir, zones com la nostra, el Mass\u00eds del Garraf.<\/p>\n<p>La principal finalitat dels vins de Finca Viladellops \u00e9s transmetre la tipicitat i la hist\u00f2ria que l\u2019envolten.<\/p>\n\t\t\t\t\t\t\t\t\t<\/div>\n\t\t\t\t\t\t\t<\/div>\n\t\t\n\t<\/div>\n\n<\/section>\n\n<section  class=\"dm-block gallery alignfull \"> <!-- section -->\n\n    <div class=\"px-4\"> <!-- if is a full width section, apply container -->\n\n\t\t\t\t\t\t<div class=\"dm-gallery-wrapper list-layout xl:flex gap-2\">\n\t\t\t\t\t\t\t\t\t\t\t<div class=\"gallery-item\">\n\t\t\t\t\t\t\t<a href=\"https:\/\/www.viladellops.com\/wp-content\/uploads\/2025\/12\/finca-viladellops-wine-village-wine-tours-4x4-1.webp\" data-fancybox=\"gallery_6a0504c8260c5\">\n\t\t\t\t\t\t\t\t<img decoding=\"async\" class=\"gallery-image\" src=\"https:\/\/www.viladellops.com\/wp-content\/uploads\/2025\/12\/finca-viladellops-wine-village-wine-tours-4x4-1.webp\" alt=\"\" \/>\n\t\t\t\t\t\t\t<\/a>\n\t\t\t\t\t\t<\/div>\n\t\t\t\t\t\t\t\t\t\t\t<div class=\"gallery-item\">\n\t\t\t\t\t\t\t<a href=\"https:\/\/www.viladellops.com\/wp-content\/uploads\/2025\/12\/finca-viladellops-wine-village-vinyards.webp\" data-fancybox=\"gallery_6a0504c8260c5\">\n\t\t\t\t\t\t\t\t<img decoding=\"async\" class=\"gallery-image\" src=\"https:\/\/www.viladellops.com\/wp-content\/uploads\/2025\/12\/finca-viladellops-wine-village-vinyards.webp\" alt=\"\" \/>\n\t\t\t\t\t\t\t<\/a>\n\t\t\t\t\t\t<\/div>\n\t\t\t\t\t\t\t\t\t\t\t<div class=\"gallery-item\">\n\t\t\t\t\t\t\t<a href=\"https:\/\/www.viladellops.com\/wp-content\/uploads\/2025\/12\/finca-viladellops-wine-village-vinyards-2.webp\" data-fancybox=\"gallery_6a0504c8260c5\">\n\t\t\t\t\t\t\t\t<img decoding=\"async\" class=\"gallery-image\" src=\"https:\/\/www.viladellops.com\/wp-content\/uploads\/2025\/12\/finca-viladellops-wine-village-vinyards-2.webp\" alt=\"\" \/>\n\t\t\t\t\t\t\t<\/a>\n\t\t\t\t\t\t<\/div>\n\t\t\t\t\t\t\t\t\t\t\t<div class=\"gallery-item\">\n\t\t\t\t\t\t\t<a href=\"https:\/\/www.viladellops.com\/wp-content\/uploads\/2025\/12\/finca-viladellops-wine-village-vinyards-1.webp\" data-fancybox=\"gallery_6a0504c8260c5\">\n\t\t\t\t\t\t\t\t<img decoding=\"async\" class=\"gallery-image\" src=\"https:\/\/www.viladellops.com\/wp-content\/uploads\/2025\/12\/finca-viladellops-wine-village-vinyards-1.webp\" alt=\"\" \/>\n\t\t\t\t\t\t\t<\/a>\n\t\t\t\t\t\t<\/div>\n\t\t\t\t\t\t\t\t\t\t\t<div class=\"gallery-item\">\n\t\t\t\t\t\t\t<a href=\"https:\/\/www.viladellops.com\/wp-content\/uploads\/2025\/12\/viladellops-wine-tours-vinyards.webp\" data-fancybox=\"gallery_6a0504c8260c5\">\n\t\t\t\t\t\t\t\t<img decoding=\"async\" class=\"gallery-image\" src=\"https:\/\/www.viladellops.com\/wp-content\/uploads\/2025\/12\/viladellops-wine-tours-vinyards.webp\" alt=\"\" \/>\n\t\t\t\t\t\t\t<\/a>\n\t\t\t\t\t\t<\/div>\n\t\t\t\t\t\t\t\t\t\t\t<div class=\"gallery-item\">\n\t\t\t\t\t\t\t<a href=\"https:\/\/www.viladellops.com\/wp-content\/uploads\/2025\/12\/enoturisme-finca-viladellops.webp\" data-fancybox=\"gallery_6a0504c8260c5\">\n\t\t\t\t\t\t\t\t<img decoding=\"async\" class=\"gallery-image\" src=\"https:\/\/www.viladellops.com\/wp-content\/uploads\/2025\/12\/enoturisme-finca-viladellops.webp\" alt=\"\" \/>\n\t\t\t\t\t\t\t<\/a>\n\t\t\t\t\t\t<\/div>\n\t\t\t\t\t\t\t\t\t<\/div>\n\t\t\t\t<\/div>\n\n<\/section>\n\n\n\n<div  class=\"dm-block block-tabs alignfull\">\n    <div class=\"gap-6 grid md:grid-cols-2  container\">\n        <div class=\"w-full m-auto\">\n            <h2 class=\"font-bold mb-4\">Les vinyes que envolten la finca<\/h2>\n            <p class=\"font-bold text-base mb-5\">500 hect\u00e0rees, al bell mig del Mass\u00eds del Garraf<\/p>\n            <p>La propietat de Finca Viladellops consta de 500 hect\u00e0rees, al mig del Mass\u00eds del Garraf, formades per bosc mediterrani, cereal i 50 hect\u00e0rees de vinya inscrites a la DO Pened\u00e8s.<\/p>\n<p>El 100% dels vins de Finca Viladellops es creen \u00fanicament amb el ra\u00efm cultivat a les nostres terres, un ra\u00efm curosament seleccionat per garantir la perfecci\u00f3 en el producte final. Aquest proc\u00e9s de selecci\u00f3 es fa tant amb el ra\u00efm destinat a la producci\u00f3 pr\u00f2pia (el 60%) com el que es ven per a altres productors (el 40%).<\/p>\n                            <a href=\"\/ca\/enoturisme-al-penedes\/\" class=\"button-primary\">Visita les vinyes<\/a>\n                    <\/div>\n        <div class=\"tabs\">\n            <div class=\"tabs__select relative flex justify-between\">\n                <span>Seleccionar&#8230;<\/span>\n                <svg xmlns=\"http:\/\/www.w3.org\/2000\/svg\" width=\"24\" height=\"24\" fill=\"currentColor\" class=\"transition-all duration-300\" viewBox=\"0 0 16 16\">\n                    <path fill-rule=\"evenodd\" d=\"M1.646 4.646a.5.5 0 0 1 .708 0L8 10.293l5.646-5.647a.5.5 0 0 1 .708.708l-6 6a.5.5 0 0 1-.708 0l-6-6a.5.5 0 0 1 0-.708\" \/>\n                <\/svg>\n            <\/div>\n            <div class=\"tabs__menu md:flex-row flex-col w-full\">\n                                    <h3 class=\"tab w-fit my-0 leading-0 px-8 py-5 text-center md:text-gray-900  active\" data-tab=\"tab1\">Terroir<\/h3>\n                                                        <h3 class=\"tab w-fit my-0 leading-0 px-8 py-5 text-center md:text-gray-900 \" data-tab=\"tab2\">Clima<\/h3>\n                                                        <h3 class=\"tab w-fit my-0 leading-0 px-8 py-5 text-center md:text-gray-900 \" data-tab=\"tab3\">Ecologia<\/h3>\n                                                        <h3 class=\"tab w-fit my-0 leading-0 px-8 py-5 text-center md:text-gray-900 \" data-tab=\"tab4\">Tipicitat<\/h3>\n                                                <\/div>\n            <div class=\"text-left justify-center mt-4\">\n                <div class=\"-mt-px w-auto m-auto\">\n                                                                <div id=\"tab1\" class=\"tabs__content active\" data-id=\"tab1\">\n                            <p>Finca Viladellops est\u00e0 situada al Mass\u00eds del Garraf, una zona muntanyosa que s\u2019est\u00e9n fins al mar Mediterrani. La finca situada a 250 metres sobre el nivell del mar t\u00e9 un s\u00f2l molt pobre de textura argilo-calc\u00e0ria, per\u00f2 amb un alt percentatge de cal\u00e7 activa i hi trobem gran quantitat de sediments i f\u00f2ssils marins, vestigi inequ\u00edvoc que en \u00e8poques anteriors havia sigut el fons del mar, fa m\u00e9s d\u2019un mili\u00f3 d\u2019anys.<\/p>\n                        <\/div>\n                                                                    <div id=\"tab2\" class=\"tabs__content\" data-id=\"tab2\">\n                            <p>Per la proximitat del mar Mediterrani (a 10 minuts en cotxe) durant els mesos d\u2019agost i setembre es genera una humitat matinal que beneficia la vinya amb la seva rehidrataci\u00f3, allargant i aconseguint la maduraci\u00f3 polifen\u00f2lica \u00f2ptima.<\/p>\n<p>El microclima que es genera al voltant de la Finca Viladellops, fa perfecte la seva visita en qualsevol \u00e8poca de l\u2019any i poder gaudir dels espais exteriors.<\/p>\n                        <\/div>\n                                                                    <div id=\"tab3\" class=\"tabs__content\" data-id=\"tab3\">\n                            <p>Finca Viladellops ha conservat amb molta cura durant anys el paisatge, l\u2019arquitectura i el seu entorn. Continuant amb la filosofia de la propietat, la totalitat de la vinya \u00e9s considerada \u00edntegrament ecol\u00f2gica des del 2005, inscrita en el Consell catal\u00e0 de la Producci\u00f3 Agr\u00e0ria Ecol\u00f2gica (CCPAE), per la qual cosa els vins compten amb la certificaci\u00f3 oficial de vins ecol\u00f2gics.<\/p>\n                        <\/div>\n                                                                    <div id=\"tab4\" class=\"tabs__content\" data-id=\"tab4\">\n                            <p>El projecte de Finca Viladellops es defineix com plenament Mediterrani i aut\u00f2cton, conservant i potenciant les varietats tradicionals de la zona: Xarel\u00b7lo per a blancs i Garnatxa per a negres. A la finca es pot observar un important nombre de vestigis de l\u2019agricultura tradicional de la zona, com les barraques de pedra seca (25 construccions), marges de pedra i pous d\u2019aigua foradats a la roca; coses que demostren la important tradici\u00f3 agr\u00edcola de la finca des de temps immemorials.<\/p>\n                        <\/div>\n                                                            <\/div>\n            <\/div>\n        <\/div>\n    <\/div>\n<\/div>\n\n<section  class=\"dm-block gallery alignfull \"> <!-- section -->\n\n    <div class=\"px-4\"> <!-- if is a full width section, apply container -->\n\n\t\t\t\t\t\t<div class=\"dm-gallery-wrapper list-layout xl:flex gap-2\">\n\t\t\t\t\t\t\t\t\t\t\t<div class=\"gallery-item\">\n\t\t\t\t\t\t\t<a href=\"https:\/\/www.viladellops.com\/wp-content\/uploads\/2025\/12\/viladellops-wine-tasting-products-1.webp\" data-fancybox=\"gallery_6a0504c82d25a\">\n\t\t\t\t\t\t\t\t<img decoding=\"async\" class=\"gallery-image\" src=\"https:\/\/www.viladellops.com\/wp-content\/uploads\/2025\/12\/viladellops-wine-tasting-products-1.webp\" alt=\"\" \/>\n\t\t\t\t\t\t\t<\/a>\n\t\t\t\t\t\t<\/div>\n\t\t\t\t\t\t\t\t\t\t\t<div class=\"gallery-item\">\n\t\t\t\t\t\t\t<a href=\"https:\/\/www.viladellops.com\/wp-content\/uploads\/2025\/12\/viladellops-wine-tasting-products.webp\" data-fancybox=\"gallery_6a0504c82d25a\">\n\t\t\t\t\t\t\t\t<img decoding=\"async\" class=\"gallery-image\" src=\"https:\/\/www.viladellops.com\/wp-content\/uploads\/2025\/12\/viladellops-wine-tasting-products.webp\" alt=\"\" \/>\n\t\t\t\t\t\t\t<\/a>\n\t\t\t\t\t\t<\/div>\n\t\t\t\t\t\t\t\t\t\t\t<div class=\"gallery-item\">\n\t\t\t\t\t\t\t<a href=\"https:\/\/www.viladellops.com\/wp-content\/uploads\/2025\/12\/finca-viladellops-cellers-1.webp\" data-fancybox=\"gallery_6a0504c82d25a\">\n\t\t\t\t\t\t\t\t<img decoding=\"async\" class=\"gallery-image\" src=\"https:\/\/www.viladellops.com\/wp-content\/uploads\/2025\/12\/finca-viladellops-cellers-1.webp\" alt=\"\" \/>\n\t\t\t\t\t\t\t<\/a>\n\t\t\t\t\t\t<\/div>\n\t\t\t\t\t\t\t\t\t\t\t<div class=\"gallery-item\">\n\t\t\t\t\t\t\t<a href=\"https:\/\/www.viladellops.com\/wp-content\/uploads\/2025\/12\/finca-viladellops-cellers.webp\" data-fancybox=\"gallery_6a0504c82d25a\">\n\t\t\t\t\t\t\t\t<img decoding=\"async\" class=\"gallery-image\" src=\"https:\/\/www.viladellops.com\/wp-content\/uploads\/2025\/12\/finca-viladellops-cellers.webp\" alt=\"\" \/>\n\t\t\t\t\t\t\t<\/a>\n\t\t\t\t\t\t<\/div>\n\t\t\t\t\t\t\t\t\t\t\t<div class=\"gallery-item\">\n\t\t\t\t\t\t\t<a href=\"https:\/\/www.viladellops.com\/wp-content\/uploads\/2025\/12\/viladellops-wine-tasting-products-2.webp\" data-fancybox=\"gallery_6a0504c82d25a\">\n\t\t\t\t\t\t\t\t<img decoding=\"async\" class=\"gallery-image\" src=\"https:\/\/www.viladellops.com\/wp-content\/uploads\/2025\/12\/viladellops-wine-tasting-products-2.webp\" alt=\"\" \/>\n\t\t\t\t\t\t\t<\/a>\n\t\t\t\t\t\t<\/div>\n\t\t\t\t\t\t\t\t\t\t\t<div class=\"gallery-item\">\n\t\t\t\t\t\t\t<a href=\"https:\/\/www.viladellops.com\/wp-content\/uploads\/2025\/12\/viladellops-wine-tours-celler-1.webp\" data-fancybox=\"gallery_6a0504c82d25a\">\n\t\t\t\t\t\t\t\t<img decoding=\"async\" class=\"gallery-image\" src=\"https:\/\/www.viladellops.com\/wp-content\/uploads\/2025\/12\/viladellops-wine-tours-celler-1.webp\" alt=\"\" \/>\n\t\t\t\t\t\t\t<\/a>\n\t\t\t\t\t\t<\/div>\n\t\t\t\t\t\t\t\t\t<\/div>\n\t\t\t\t<\/div>\n\n<\/section>\n","protected":false},"excerpt":{"rendered":"","protected":false},"author":584,"featured_media":1249,"parent":0,"menu_order":0,"comment_status":"closed","ping_status":"closed","template":"","meta":{"_acf_changed":false,"footnotes":""},"class_list":["post-1250","page","type-page","status-publish","has-post-thumbnail","hentry"],"acf":[],"_links":{"self":[{"href":"https:\/\/www.viladellops.com\/ca\/wp-json\/wp\/v2\/pages\/1250","targetHints":{"allow":["GET"]}}],"collection":[{"href":"https:\/\/www.viladellops.com\/ca\/wp-json\/wp\/v2\/pages"}],"about":[{"href":"https:\/\/www.viladellops.com\/ca\/wp-json\/wp\/v2\/types\/page"}],"author":[{"embeddable":true,"href":"https:\/\/www.viladellops.com\/ca\/wp-json\/wp\/v2\/users\/584"}],"replies":[{"embeddable":true,"href":"https:\/\/www.viladellops.com\/ca\/wp-json\/wp\/v2\/comments?post=1250"}],"version-history":[{"count":3,"href":"https:\/\/www.viladellops.com\/ca\/wp-json\/wp\/v2\/pages\/1250\/revisions"}],"predecessor-version":[{"id":1256,"href":"https:\/\/www.viladellops.com\/ca\/wp-json\/wp\/v2\/pages\/1250\/revisions\/1256"}],"wp:featuredmedia":[{"embeddable":true,"href":"https:\/\/www.viladellops.com\/ca\/wp-json\/wp\/v2\/media\/1249"}],"wp:attachment":[{"href":"https:\/\/www.viladellops.com\/ca\/wp-json\/wp\/v2\/media?parent=1250"}],"curies":[{"name":"wp","href":"https:\/\/api.w.org\/{rel}","templated":true}]}}