{"id":1318,"date":"2025-12-01T13:16:35","date_gmt":"2025-12-01T12:16:35","guid":{"rendered":"https:\/\/www.viladellops.com\/producto\/viladellops-xarello\/"},"modified":"2026-02-05T11:59:45","modified_gmt":"2026-02-05T10:59:45","slug":"viladellops-xarello","status":"publish","type":"product","link":"https:\/\/www.viladellops.com\/ca\/producte\/viladellops-xarello\/","title":{"rendered":"Viladellops Xarel\u00b7lo"},"content":{"rendered":"","protected":false},"excerpt":{"rendered":"<p><em>Viladellops Xarel\u00b7lo ha nascut per destacar i fer destacar. El seu color groc verd\u00f3s i el seu gust ple i greix\u00f3s busca sortir del tradicional i oferir-te una experi\u00e8ncia diferent.<\/em><\/p>\n<p>Ens trobem davant d\u2019un\u00a0<span class=\"hiddenSpellError\">coupage<\/span>, amb una varietat, 100% Xarel\u00b7lo, procedent de vinyes velles, que defineixen el seu car\u00e0cter i la seva tipicitat. Es tracta d\u2019un vi elaborat sense la intervenci\u00f3 de la fusta. El Xarel\u00b7lo \u00e9s un vi fresc amb notes de fruita blanca i anisats. Cada any s\u2019escullen les millors parcel\u00b7les de xarel\u00b7lo per fer un vi amb un car\u00e0cter mediterrani marcat. Selecci\u00f3 manual per baixar els nivells de SO2 treballem en vinificaci\u00f3 en\u00a0<span class=\"hiddenSpellError\">inox<\/span>\u00a0amb treball de lies durant tot el per\u00edode d\u2019hivern. Aromes de bosc mediterrani, fruita blanca i anisats (fonoll) en boca ressalta la mineralitat i sensacions salines que confereixen un postgust fresc i llarg.<\/p>\n","protected":false},"featured_media":3833,"comment_status":"closed","ping_status":"closed","template":"","meta":{"_acf_changed":false},"product_brand":[],"product_cat":[57,56],"product_tag":[58,59,60],"class_list":{"0":"post-1318","1":"product","2":"type-product","3":"status-publish","4":"has-post-thumbnail","6":"product_cat-els-vins-blancs-de-finca-viladellops","7":"product_cat-vins","8":"product_tag-ecologic","9":"product_tag-massis-del-garraf","10":"product_tag-xarello","12":"first","13":"instock","14":"taxable","15":"shipping-taxable","16":"purchasable","17":"product-type-variable"},"acf":[],"_links":{"self":[{"href":"https:\/\/www.viladellops.com\/ca\/wp-json\/wp\/v2\/product\/1318","targetHints":{"allow":["GET"]}}],"collection":[{"href":"https:\/\/www.viladellops.com\/ca\/wp-json\/wp\/v2\/product"}],"about":[{"href":"https:\/\/www.viladellops.com\/ca\/wp-json\/wp\/v2\/types\/product"}],"replies":[{"embeddable":true,"href":"https:\/\/www.viladellops.com\/ca\/wp-json\/wp\/v2\/comments?post=1318"}],"wp:featuredmedia":[{"embeddable":true,"href":"https:\/\/www.viladellops.com\/ca\/wp-json\/wp\/v2\/media\/3833"}],"wp:attachment":[{"href":"https:\/\/www.viladellops.com\/ca\/wp-json\/wp\/v2\/media?parent=1318"}],"wp:term":[{"taxonomy":"product_brand","embeddable":true,"href":"https:\/\/www.viladellops.com\/ca\/wp-json\/wp\/v2\/product_brand?post=1318"},{"taxonomy":"product_cat","embeddable":true,"href":"https:\/\/www.viladellops.com\/ca\/wp-json\/wp\/v2\/product_cat?post=1318"},{"taxonomy":"product_tag","embeddable":true,"href":"https:\/\/www.viladellops.com\/ca\/wp-json\/wp\/v2\/product_tag?post=1318"}],"curies":[{"name":"wp","href":"https:\/\/api.w.org\/{rel}","templated":true}]}}