{"id":1326,"date":"2025-12-01T13:19:02","date_gmt":"2025-12-01T12:19:02","guid":{"rendered":"https:\/\/www.viladellops.com\/producto\/finca-viladellops-xarello\/"},"modified":"2026-01-08T08:02:52","modified_gmt":"2026-01-08T07:02:52","slug":"finca-viladellops-xarello","status":"publish","type":"product","link":"https:\/\/www.viladellops.com\/ca\/producte\/finca-viladellops-xarello\/","title":{"rendered":"Finca Viladellops Xarel\u00b7lo"},"content":{"rendered":"","protected":false},"excerpt":{"rendered":"<p><em>Finca Viladellops Xarel\u00b7lo est\u00e0 dissenyat per fer-te viure diferents experi\u00e8ncies arom\u00e0tiques mentre gaudeixes del seu sabor fresc i complex.<\/em><\/p>\n<p>Finca Viladellops Xarel\u00b7lo \u00e9s el vi m\u00e9s representatiu del celler, pel que fa als blancs. Ens trobem davant d&#8217;un monovarietal de Xarel\u00b7lo, procedent d&#8217;una selecci\u00f3 dels millors ra\u00efms de les nostres vinyes m\u00e9s velles, i que a m\u00e9s cont\u00e9 un 30% de Xarel\u00b7lo Rosat, una varietat gaireb\u00e9 inexistent, de la qual queden actualment poques hect\u00e0rees. Aquest vi, despr\u00e9s d&#8217;un per\u00edode de crian\u00e7a d&#8217;aproximadament un any, t\u00e9 en boca un marca, alhora fresc, gr\u00e0cies a l&#8217;acidesa caracter\u00edstica del Xarel\u00b7lo. Significa 3 partides \u00faniques de Xarel-lo: Xarel-lo rosat, Xarel-lo calcari i Xarel-lo en <em>anelles.<\/em><\/p>\n","protected":false},"featured_media":1327,"comment_status":"closed","ping_status":"closed","template":"","meta":{"_acf_changed":false},"product_brand":[],"product_cat":[57,56],"product_tag":[58,59,60,62],"class_list":{"0":"post-1326","1":"product","2":"type-product","3":"status-publish","4":"has-post-thumbnail","6":"product_cat-els-vins-blancs-de-finca-viladellops","7":"product_cat-vins","8":"product_tag-ecologic","9":"product_tag-massis-del-garraf","10":"product_tag-xarello","11":"product_tag-xarello-rosat","13":"first","14":"instock","15":"taxable","16":"shipping-taxable","17":"purchasable","18":"product-type-variable"},"acf":[],"_links":{"self":[{"href":"https:\/\/www.viladellops.com\/ca\/wp-json\/wp\/v2\/product\/1326","targetHints":{"allow":["GET"]}}],"collection":[{"href":"https:\/\/www.viladellops.com\/ca\/wp-json\/wp\/v2\/product"}],"about":[{"href":"https:\/\/www.viladellops.com\/ca\/wp-json\/wp\/v2\/types\/product"}],"replies":[{"embeddable":true,"href":"https:\/\/www.viladellops.com\/ca\/wp-json\/wp\/v2\/comments?post=1326"}],"wp:featuredmedia":[{"embeddable":true,"href":"https:\/\/www.viladellops.com\/ca\/wp-json\/wp\/v2\/media\/1327"}],"wp:attachment":[{"href":"https:\/\/www.viladellops.com\/ca\/wp-json\/wp\/v2\/media?parent=1326"}],"wp:term":[{"taxonomy":"product_brand","embeddable":true,"href":"https:\/\/www.viladellops.com\/ca\/wp-json\/wp\/v2\/product_brand?post=1326"},{"taxonomy":"product_cat","embeddable":true,"href":"https:\/\/www.viladellops.com\/ca\/wp-json\/wp\/v2\/product_cat?post=1326"},{"taxonomy":"product_tag","embeddable":true,"href":"https:\/\/www.viladellops.com\/ca\/wp-json\/wp\/v2\/product_tag?post=1326"}],"curies":[{"name":"wp","href":"https:\/\/api.w.org\/{rel}","templated":true}]}}