{"id":1335,"date":"2025-12-01T13:20:58","date_gmt":"2025-12-01T12:20:58","guid":{"rendered":"https:\/\/www.viladellops.com\/producto\/viladellops-garnatxa\/"},"modified":"2026-01-08T08:09:25","modified_gmt":"2026-01-08T07:09:25","slug":"viladellops-garnatxa","status":"publish","type":"product","link":"https:\/\/www.viladellops.com\/ca\/producte\/viladellops-garnatxa\/","title":{"rendered":"Viladellops Garnatxa"},"content":{"rendered":"","protected":false},"excerpt":{"rendered":"<p><em>El seu aroma fresc, intens i afruitat combina a la perfecci\u00f3 amb el seu color cirera. El Viladellops Garnatxa \u00e9s la representaci\u00f3 de l\u2019equilibri que aconsegueix transmetre a tothom qui t\u00e9 el plaer de gaudir-lo.<\/em><\/p>\n<p>Elaborat amb un coupage dels vins m\u00e9s frescos i afruitats de cada verema. Fet amb Garnatxa, que segons la nostra experi\u00e8ncia \u00e9s la varietat negra que transmet millor la tipicitat de la nostra finca, ens trobem davant d\u2019un vi de color cirera picota amb un aroma fresc i afruitat. Amb una marcada persist\u00e8ncia en boca, alhora que sabor\u00f3s i ric en aromes. Amb les vinyes de Garnatxa m\u00e9s joves de Viladellops s\u2019elabora aquest vi. Tota la feina en vinya \u00e9s igual que la que es realitza per altres vins de Viladellops. Les diferents parcel\u00b7les es vinifiquen amb maceracions molt curtes per buscar vins frescos i amb tanins molt suaus. Vinificaci\u00f3 amb <span class=\"hiddenSpellError\">inox <\/span>i crian\u00e7a durant tot l\u2019hivern en dip\u00f2sits de ciment. En nas es percep la tipicitat de la Garnatxa amb tot el seu ventall de fruits vermells. En boca \u00e9s fresc, amable i sabor\u00f3s.<\/p>\n","protected":false},"featured_media":3835,"comment_status":"closed","ping_status":"closed","template":"","meta":{"_acf_changed":false},"product_brand":[],"product_cat":[65,56],"product_tag":[58,66,59],"class_list":{"0":"post-1335","1":"product","2":"type-product","3":"status-publish","4":"has-post-thumbnail","6":"product_cat-els-vins-negres-de-finca-viladellops","7":"product_cat-vins","8":"product_tag-ecologic","9":"product_tag-garnatxa","10":"product_tag-massis-del-garraf","12":"first","13":"instock","14":"taxable","15":"shipping-taxable","16":"purchasable","17":"product-type-variable"},"acf":[],"_links":{"self":[{"href":"https:\/\/www.viladellops.com\/ca\/wp-json\/wp\/v2\/product\/1335","targetHints":{"allow":["GET"]}}],"collection":[{"href":"https:\/\/www.viladellops.com\/ca\/wp-json\/wp\/v2\/product"}],"about":[{"href":"https:\/\/www.viladellops.com\/ca\/wp-json\/wp\/v2\/types\/product"}],"replies":[{"embeddable":true,"href":"https:\/\/www.viladellops.com\/ca\/wp-json\/wp\/v2\/comments?post=1335"}],"wp:featuredmedia":[{"embeddable":true,"href":"https:\/\/www.viladellops.com\/ca\/wp-json\/wp\/v2\/media\/3835"}],"wp:attachment":[{"href":"https:\/\/www.viladellops.com\/ca\/wp-json\/wp\/v2\/media?parent=1335"}],"wp:term":[{"taxonomy":"product_brand","embeddable":true,"href":"https:\/\/www.viladellops.com\/ca\/wp-json\/wp\/v2\/product_brand?post=1335"},{"taxonomy":"product_cat","embeddable":true,"href":"https:\/\/www.viladellops.com\/ca\/wp-json\/wp\/v2\/product_cat?post=1335"},{"taxonomy":"product_tag","embeddable":true,"href":"https:\/\/www.viladellops.com\/ca\/wp-json\/wp\/v2\/product_tag?post=1335"}],"curies":[{"name":"wp","href":"https:\/\/api.w.org\/{rel}","templated":true}]}}