{"id":1344,"date":"2025-12-01T13:21:09","date_gmt":"2025-12-01T12:21:09","guid":{"rendered":"https:\/\/www.viladellops.com\/producto\/finca-viladellops-negre\/"},"modified":"2026-01-08T08:20:01","modified_gmt":"2026-01-08T07:20:01","slug":"finca-viladellops-negre","status":"publish","type":"product","link":"https:\/\/www.viladellops.com\/ca\/producte\/finca-viladellops-negre\/","title":{"rendered":"Finca Viladellops Negre"},"content":{"rendered":"","protected":false},"excerpt":{"rendered":"<p><em>Aromes minerals i de fruita negra que es transformen en un gust potent. El Finca Viladellops Negre m\u00e9s que un vi \u00e9s una experi\u00e8ncia.<\/em><\/p>\n<p>La Garnatxa negra \u00e9s \u2014al nostre entendre\u2014 la varietat que millor transmet la personalitat del terroir als nostres vins negres. En el Finca Viladellops Negre ens trobem davant d\u2019un dels productes m\u00e9s prestigiosos i dels que ens sentim m\u00e9s orgullosos al celler. Seleccionem les millors Garnatxes de Viladellops. Verema a m\u00e0 i taula de selecci\u00f3. Maceracions curtes, nom\u00e9s per buscar els tanins m\u00e9s elegants, crian\u00e7a m\u00e0xima de 12 mesos en b\u00f3tes de roure franc\u00e8s i un m\u00ednim de 12 mesos en ampolla abans de sortir a la venda. D\u2019un color vermell grana ben cobert amb aromes minerals i de fruita negra, matisos especiats de ra\u00efm ben macerat. En boca \u00e9s sed\u00f3s, sabor\u00f3s, carn\u00f3s, amb notes de regal\u00e8ssia i torrefactes. El vi t\u00e9 bona acidesa, volum i estructura.<\/p>\n","protected":false},"featured_media":1345,"comment_status":"closed","ping_status":"closed","template":"","meta":{"_acf_changed":false},"product_brand":[],"product_cat":[65,56],"product_tag":[58,66,59],"class_list":{"0":"post-1344","1":"product","2":"type-product","3":"status-publish","4":"has-post-thumbnail","6":"product_cat-els-vins-negres-de-finca-viladellops","7":"product_cat-vins","8":"product_tag-ecologic","9":"product_tag-garnatxa","10":"product_tag-massis-del-garraf","12":"first","13":"instock","14":"taxable","15":"shipping-taxable","16":"purchasable","17":"product-type-variable"},"acf":[],"_links":{"self":[{"href":"https:\/\/www.viladellops.com\/ca\/wp-json\/wp\/v2\/product\/1344","targetHints":{"allow":["GET"]}}],"collection":[{"href":"https:\/\/www.viladellops.com\/ca\/wp-json\/wp\/v2\/product"}],"about":[{"href":"https:\/\/www.viladellops.com\/ca\/wp-json\/wp\/v2\/types\/product"}],"replies":[{"embeddable":true,"href":"https:\/\/www.viladellops.com\/ca\/wp-json\/wp\/v2\/comments?post=1344"}],"wp:featuredmedia":[{"embeddable":true,"href":"https:\/\/www.viladellops.com\/ca\/wp-json\/wp\/v2\/media\/1345"}],"wp:attachment":[{"href":"https:\/\/www.viladellops.com\/ca\/wp-json\/wp\/v2\/media?parent=1344"}],"wp:term":[{"taxonomy":"product_brand","embeddable":true,"href":"https:\/\/www.viladellops.com\/ca\/wp-json\/wp\/v2\/product_brand?post=1344"},{"taxonomy":"product_cat","embeddable":true,"href":"https:\/\/www.viladellops.com\/ca\/wp-json\/wp\/v2\/product_cat?post=1344"},{"taxonomy":"product_tag","embeddable":true,"href":"https:\/\/www.viladellops.com\/ca\/wp-json\/wp\/v2\/product_tag?post=1344"}],"curies":[{"name":"wp","href":"https:\/\/api.w.org\/{rel}","templated":true}]}}