{"id":1352,"date":"2025-12-01T13:21:50","date_gmt":"2025-12-01T12:21:50","guid":{"rendered":"https:\/\/www.viladellops.com\/producto\/turo-de-les-abelles\/"},"modified":"2026-03-27T19:57:53","modified_gmt":"2026-03-27T18:57:53","slug":"turo-de-les-abelles","status":"publish","type":"product","link":"https:\/\/www.viladellops.com\/ca\/producte\/turo-de-les-abelles\/","title":{"rendered":"Tur\u00f3 de les Abelles"},"content":{"rendered":"","protected":false},"excerpt":{"rendered":"<p><em>Tur\u00f3 de les Abelles et captivar\u00e0 amb el seu aroma de fruita negra i un gust llarg i carn\u00f3s amb notes de regal\u00e8ssia i torrefactes amb la frescor que caracteritza els vins del Mass\u00eds del Garraf.<\/em><\/p>\n<p>Producci\u00f3 limitada a la parcel\u00b7la del tur\u00f3, el vi Tur\u00f3 de les Abelles, \u00e9s el resultat de la nostra experi\u00e8ncia treballant amb la varietat Garnatxa. La varietat de garnatxa creix en una parcel\u00b7la denominada Tur\u00f3 de les Abelles de terreny pobre, pedreg\u00f3s i calcari que aporten un car\u00e0cter mineral. El Syrah prov\u00e9 d\u2019una vinya caracteritzada per la pres\u00e8ncia de f\u00f2ssils marins en el terreny. Fermenta en botes obertes de roure franc\u00e8s utilitzant llevats salvatges ind\u00edgenes i mant\u00e9 la seva crian\u00e7a durant 24 mesos. Ens trobem davant d\u2019un vi de color granat intens i de capa baixa. En nas predominen els aromes minerals i de fruita negra, amb notes especiades. En boca \u00e9s potent i llarg, sabor\u00f3s, amb notes de regal\u00e8ssia i torrefactes. \u00c9s un vi amb bona acidesa, volum i estructura.<\/p>\n","protected":false},"featured_media":1353,"comment_status":"closed","ping_status":"closed","template":"","meta":{"_acf_changed":false},"product_brand":[],"product_cat":[65,56],"product_tag":[58,66,59,68],"class_list":{"0":"post-1352","1":"product","2":"type-product","3":"status-publish","4":"has-post-thumbnail","6":"product_cat-els-vins-negres-de-finca-viladellops","7":"product_cat-vins","8":"product_tag-ecologic","9":"product_tag-garnatxa","10":"product_tag-massis-del-garraf","11":"product_tag-vi-de-parcella","13":"first","14":"instock","15":"taxable","16":"shipping-taxable","17":"purchasable","18":"product-type-variable"},"acf":[],"_links":{"self":[{"href":"https:\/\/www.viladellops.com\/ca\/wp-json\/wp\/v2\/product\/1352","targetHints":{"allow":["GET"]}}],"collection":[{"href":"https:\/\/www.viladellops.com\/ca\/wp-json\/wp\/v2\/product"}],"about":[{"href":"https:\/\/www.viladellops.com\/ca\/wp-json\/wp\/v2\/types\/product"}],"replies":[{"embeddable":true,"href":"https:\/\/www.viladellops.com\/ca\/wp-json\/wp\/v2\/comments?post=1352"}],"wp:featuredmedia":[{"embeddable":true,"href":"https:\/\/www.viladellops.com\/ca\/wp-json\/wp\/v2\/media\/1353"}],"wp:attachment":[{"href":"https:\/\/www.viladellops.com\/ca\/wp-json\/wp\/v2\/media?parent=1352"}],"wp:term":[{"taxonomy":"product_brand","embeddable":true,"href":"https:\/\/www.viladellops.com\/ca\/wp-json\/wp\/v2\/product_brand?post=1352"},{"taxonomy":"product_cat","embeddable":true,"href":"https:\/\/www.viladellops.com\/ca\/wp-json\/wp\/v2\/product_cat?post=1352"},{"taxonomy":"product_tag","embeddable":true,"href":"https:\/\/www.viladellops.com\/ca\/wp-json\/wp\/v2\/product_tag?post=1352"}],"curies":[{"name":"wp","href":"https:\/\/api.w.org\/{rel}","templated":true}]}}