{"id":1362,"date":"2025-12-01T13:23:27","date_gmt":"2025-12-01T12:23:27","guid":{"rendered":"https:\/\/www.viladellops.com\/producto\/l-d-ancestral\/"},"modified":"2026-01-08T08:52:04","modified_gmt":"2026-01-08T07:52:04","slug":"ld-ancestral","status":"publish","type":"product","link":"https:\/\/www.viladellops.com\/ca\/producte\/ld-ancestral\/","title":{"rendered":"L.D. Ancestral"},"content":{"rendered":"","protected":false},"excerpt":{"rendered":"<p><em>La finesa del L.D. Ancestral est\u00e0 pensada per fer-te gaudir de forma prolongada. La seva elaboraci\u00f3 el converteix en un vi escum\u00f3s, amb aromes frescos i molt afruitats.<\/em><\/p>\n<p>Selecci\u00f3 en vinya i taula de selecci\u00f3 del millor xarel\u00b7lo vermell per a l\u2019elaboraci\u00f3 d\u2019aquest escum\u00f3s amb m\u00e8tode ancestral. Color suau pell de ceba. Aromes frescos, molt afruitats i amb notes cremoses de crian\u00e7a perfectament combinades amb un carb\u00f2nic molt integrat pel seu temps de crian\u00e7a. En boca combina lleugeres notes bitter amb la mineralitat de terra del Mass\u00eds de Garraf. Postgust llarg i elegant. Crian\u00e7a de 30 mesos amb 2 punetages (moviment de mares dins de l\u2019ampolla). SO2 m\u00ednim, s\u2019incorporen els nivells de sulfits com a informaci\u00f3 en l\u2019etiqueta de cada ampolla.<\/p>\n","protected":false},"featured_media":1363,"comment_status":"closed","ping_status":"closed","template":"","meta":{"_acf_changed":false},"product_brand":[],"product_cat":[56],"product_tag":[58,59,68,88],"class_list":{"0":"post-1362","1":"product","2":"type-product","3":"status-publish","4":"has-post-thumbnail","6":"product_cat-vins","7":"product_tag-ecologic","8":"product_tag-massis-del-garraf","9":"product_tag-vi-de-parcella","10":"product_tag-xarello-vermell","12":"first","13":"instock","14":"taxable","15":"shipping-taxable","16":"purchasable","17":"product-type-simple"},"acf":[],"_links":{"self":[{"href":"https:\/\/www.viladellops.com\/ca\/wp-json\/wp\/v2\/product\/1362","targetHints":{"allow":["GET"]}}],"collection":[{"href":"https:\/\/www.viladellops.com\/ca\/wp-json\/wp\/v2\/product"}],"about":[{"href":"https:\/\/www.viladellops.com\/ca\/wp-json\/wp\/v2\/types\/product"}],"replies":[{"embeddable":true,"href":"https:\/\/www.viladellops.com\/ca\/wp-json\/wp\/v2\/comments?post=1362"}],"wp:featuredmedia":[{"embeddable":true,"href":"https:\/\/www.viladellops.com\/ca\/wp-json\/wp\/v2\/media\/1363"}],"wp:attachment":[{"href":"https:\/\/www.viladellops.com\/ca\/wp-json\/wp\/v2\/media?parent=1362"}],"wp:term":[{"taxonomy":"product_brand","embeddable":true,"href":"https:\/\/www.viladellops.com\/ca\/wp-json\/wp\/v2\/product_brand?post=1362"},{"taxonomy":"product_cat","embeddable":true,"href":"https:\/\/www.viladellops.com\/ca\/wp-json\/wp\/v2\/product_cat?post=1362"},{"taxonomy":"product_tag","embeddable":true,"href":"https:\/\/www.viladellops.com\/ca\/wp-json\/wp\/v2\/product_tag?post=1362"}],"curies":[{"name":"wp","href":"https:\/\/api.w.org\/{rel}","templated":true}]}}