{"id":10,"date":"2025-11-11T10:55:15","date_gmt":"2025-11-11T09:55:15","guid":{"rendered":"http:\/\/viladellops-new.local\/aviso-legal\/"},"modified":"2026-01-08T16:46:18","modified_gmt":"2026-01-08T15:46:18","slug":"aviso-legal","status":"publish","type":"page","link":"https:\/\/www.viladellops.com\/es\/aviso-legal\/","title":{"rendered":"Aviso legal"},"content":{"rendered":"<div id=\"inner_content-11-300\" class=\"ct-inner-content\">\n<h2 class=\"wp-block-heading\" style=\"text-transform:uppercase\">Datos fiscales<\/h2>\n<p>Titular: [dmengine_compname]<br \/>\n    NIF: [dmengine_nif]<br \/>\n    Direcci\u00f3n: [dmengine_address]<br \/>\n    Tel\u00e9fono: [dmengine_phone]<\/p>\n<h2 class=\"wp-block-heading\" style=\"text-transform:uppercase\">Protecci\u00f3n de datos personales<\/h2>\n<p>Los datos de car\u00e1cter personal que se recogen a trav\u00e9s de la p\u00e1gina web, son \u00fanicamente utilizados a efectos de<br \/>\n        prestar los servicios solicitados as\u00ed como proceder a la facturaci\u00f3n de los mismos. Sus datos ser\u00e1n ubicados en<br \/>\n        ficheros titularidad de [dmengine_compname] a efectos de facturaci\u00f3n y ser\u00e1n archivados por el periodo<br \/>\n        de tiempo legalmente necesario. Usted podr\u00e1 ejercer los derechos de acceso, rectificaci\u00f3n, cancelaci\u00f3n y<br \/>\n        oposici\u00f3n por escrito a [dmengine_compname] en [dmengine_address].<\/p>\n<h2 class=\"wp-block-heading\" style=\"text-transform:uppercase\">Propiedad intelectual y responsabilidad sobre los<br \/>\n        contenidos<\/h2>\n<p>Queda prohibido cualquier uso de todos los contenidos de la p\u00e1gina web, concretamente sobre los textos, dise\u00f1o y<br \/>\n        c\u00f3digo fuente, sin la autorizaci\u00f3n expresa de sus titulares. Cualquier uso no permitido ser\u00e1 debidamente<br \/>\n        perseguido por los leg\u00edtimos propietarios.<\/p>\n<p>El titular de la p\u00e1gina web no se hace responsable de los contenidos a los que se dirigen los enlaces ubicados en<br \/>\n        \u00e9sta, seg\u00fan lo que establece el art\u00edculo 17 de la LSSICE.<\/p>\n<\/div>\n","protected":false},"excerpt":{"rendered":"<p>Datos fiscales Titular: [dmengine_compname] NIF: [dmengine_nif] Direcci\u00f3n: [dmengine_address] Tel\u00e9fono: [dmengine_phone] Protecci\u00f3n de datos personales Los datos de car\u00e1cter personal que se recogen a trav\u00e9s de la p\u00e1gina web, son \u00fanicamente utilizados a efectos de prestar los servicios solicitados as\u00ed como proceder a la facturaci\u00f3n de los mismos. Sus datos ser\u00e1n ubicados en ficheros titularidad de [&hellip;]<\/p>\n","protected":false},"author":584,"featured_media":0,"parent":0,"menu_order":0,"comment_status":"closed","ping_status":"closed","template":"","meta":{"_acf_changed":false,"footnotes":""},"class_list":["post-10","page","type-page","status-publish","hentry"],"acf":[],"_links":{"self":[{"href":"https:\/\/www.viladellops.com\/es\/wp-json\/wp\/v2\/pages\/10","targetHints":{"allow":["GET"]}}],"collection":[{"href":"https:\/\/www.viladellops.com\/es\/wp-json\/wp\/v2\/pages"}],"about":[{"href":"https:\/\/www.viladellops.com\/es\/wp-json\/wp\/v2\/types\/page"}],"author":[{"embeddable":true,"href":"https:\/\/www.viladellops.com\/es\/wp-json\/wp\/v2\/users\/584"}],"replies":[{"embeddable":true,"href":"https:\/\/www.viladellops.com\/es\/wp-json\/wp\/v2\/comments?post=10"}],"version-history":[{"count":1,"href":"https:\/\/www.viladellops.com\/es\/wp-json\/wp\/v2\/pages\/10\/revisions"}],"predecessor-version":[{"id":3608,"href":"https:\/\/www.viladellops.com\/es\/wp-json\/wp\/v2\/pages\/10\/revisions\/3608"}],"wp:attachment":[{"href":"https:\/\/www.viladellops.com\/es\/wp-json\/wp\/v2\/media?parent=10"}],"curies":[{"name":"wp","href":"https:\/\/api.w.org\/{rel}","templated":true}]}}