{"id":130,"date":"2025-11-11T12:25:41","date_gmt":"2025-11-11T11:25:41","guid":{"rendered":"http:\/\/viladellops-new.local\/?page_id=130"},"modified":"2026-01-08T16:46:16","modified_gmt":"2026-01-08T15:46:16","slug":"accesibilidad","status":"publish","type":"page","link":"https:\/\/www.viladellops.com\/es\/accesibilidad\/","title":{"rendered":"Accesibilidad"},"content":{"rendered":"\n<p>VILADELLOPS VIN\u00cdCOLA, SL se compromete a que su sitio web,&nbsp;<a href=\"https:\/\/www.viladellops.com\/\">www.viladellops.com<\/a>, sea accesible para todos los usuarios, incluyendo personas con discapacidades. Estamos comprometidos a garantizar que nuestro sitio web cumpla con las directrices de accesibilidad web de nivel AA de la WCAG 2.1.<\/p>\n\n\n\n<h2 class=\"wp-block-heading\">Situaci\u00f3n de cumplimiento<\/h2>\n\n\n\n<p>Las Pautas de Accesibilidad para el Contenido Web (WCAG) definen los requisitos para dise\u00f1adores y desarrolladores para mejorar la accesibilidad para personas con discapacidades. Se definen tres niveles de conformidad: Nivel A, Nivel AA y Nivel AAA.&nbsp;<a href=\"https:\/\/www.viladellops.com\/\">www.viladellops.com<\/a>&nbsp;cumple parcialmente con WCAG 2.1 Nivel AA. Parcialmente, conforme significa que algunas partes del contenido no cumplen completamente con el est\u00e1ndar de accesibilidad.<\/p>\n\n\n\n<h2 class=\"wp-block-heading\">Contenido no accesible<\/h2>\n\n\n\n<p>Podr\u00edan existir documentos ofim\u00e1ticos en PDF y otros formatos que no cumplan totalmente los requisitos de accesibilidad. Se pueden solicitar los documentos completamente accesibles desde el formulario de contacto.<\/p>\n\n\n\n<p>Podr\u00edan existir errores de c\u00f3digo puntuales en alguna p\u00e1gina de la web.<\/p>\n\n\n\n<h2 class=\"wp-block-heading\">Feedback<\/h2>\n\n\n\n<p>Estamos comprometidos a continuar mejorando la accesibilidad de nuestro sitio web para garantizar que sea accesible para todo el mundo. Si tienes alguna pregunta o sugerencia, por favor contacta con nosotros.<\/p>\n\n\n\n<p>Firma: VILADELLOPS VIN\u00cdCOLA, SL<\/p>\n\n\n\n<p>Fecha: 9 de mayo de 2023<\/p>\n","protected":false},"excerpt":{"rendered":"<p>VILADELLOPS VIN\u00cdCOLA, SL se compromete a que su sitio web,&nbsp;www.viladellops.com, sea accesible para todos los usuarios, incluyendo personas con discapacidades. Estamos comprometidos a garantizar que nuestro sitio web cumpla con las directrices de accesibilidad web de nivel AA de la WCAG 2.1. Situaci\u00f3n de cumplimiento Las Pautas de Accesibilidad para el Contenido Web (WCAG) definen [&hellip;]<\/p>\n","protected":false},"author":584,"featured_media":0,"parent":0,"menu_order":0,"comment_status":"closed","ping_status":"closed","template":"","meta":{"_acf_changed":false,"footnotes":""},"class_list":["post-130","page","type-page","status-publish","hentry"],"acf":[],"_links":{"self":[{"href":"https:\/\/www.viladellops.com\/es\/wp-json\/wp\/v2\/pages\/130","targetHints":{"allow":["GET"]}}],"collection":[{"href":"https:\/\/www.viladellops.com\/es\/wp-json\/wp\/v2\/pages"}],"about":[{"href":"https:\/\/www.viladellops.com\/es\/wp-json\/wp\/v2\/types\/page"}],"author":[{"embeddable":true,"href":"https:\/\/www.viladellops.com\/es\/wp-json\/wp\/v2\/users\/584"}],"replies":[{"embeddable":true,"href":"https:\/\/www.viladellops.com\/es\/wp-json\/wp\/v2\/comments?post=130"}],"version-history":[{"count":1,"href":"https:\/\/www.viladellops.com\/es\/wp-json\/wp\/v2\/pages\/130\/revisions"}],"predecessor-version":[{"id":131,"href":"https:\/\/www.viladellops.com\/es\/wp-json\/wp\/v2\/pages\/130\/revisions\/131"}],"wp:attachment":[{"href":"https:\/\/www.viladellops.com\/es\/wp-json\/wp\/v2\/media?parent=130"}],"curies":[{"name":"wp","href":"https:\/\/api.w.org\/{rel}","templated":true}]}}