{"id":23,"date":"2025-11-11T11:01:14","date_gmt":"2025-11-11T10:01:14","guid":{"rendered":"http:\/\/viladellops-new.local\/?page_id=23"},"modified":"2026-01-08T16:46:27","modified_gmt":"2026-01-08T15:46:27","slug":"wine-village-pueblo-vitivinicola-en-penedes","status":"publish","type":"page","link":"https:\/\/www.viladellops.com\/es\/wine-village-pueblo-vitivinicola-en-penedes\/","title":{"rendered":"La finca"},"content":{"rendered":"<figure class=\"alignfull wp-block-post-featured-image\"><img loading=\"lazy\" decoding=\"async\" width=\"2000\" height=\"1000\" src=\"https:\/\/www.viladellops.com\/wp-content\/uploads\/2025\/12\/wine-village-finca-viladellops-near-barcelona-1.webp\" class=\"attachment-full size-full wp-post-image\" alt=\"\" style=\"object-fit:cover;\" srcset=\"https:\/\/www.viladellops.com\/wp-content\/uploads\/2025\/12\/wine-village-finca-viladellops-near-barcelona-1.webp 2000w, https:\/\/www.viladellops.com\/wp-content\/uploads\/2025\/12\/wine-village-finca-viladellops-near-barcelona-1-300x150.webp 300w, https:\/\/www.viladellops.com\/wp-content\/uploads\/2025\/12\/wine-village-finca-viladellops-near-barcelona-1-600x300.webp 600w, https:\/\/www.viladellops.com\/wp-content\/uploads\/2025\/12\/wine-village-finca-viladellops-near-barcelona-1-480x240.webp 480w, https:\/\/www.viladellops.com\/wp-content\/uploads\/2025\/12\/wine-village-finca-viladellops-near-barcelona-1-986x493.webp 986w, https:\/\/www.viladellops.com\/wp-content\/uploads\/2025\/12\/wine-village-finca-viladellops-near-barcelona-1-768x384.webp 768w, https:\/\/www.viladellops.com\/wp-content\/uploads\/2025\/12\/wine-village-finca-viladellops-near-barcelona-1-1536x768.webp 1536w, https:\/\/www.viladellops.com\/wp-content\/uploads\/2025\/12\/wine-village-finca-viladellops-near-barcelona-1-380x190.webp 380w\" sizes=\"auto, (max-width: 2000px) 100vw, 2000px\" \/><\/figure>\n\n\n<section  class=\"dm-block paragraphs \"> <!-- section -->\n\n\t<div class=\"\"> <!-- if is a full width section, apply container -->\n\n\t\t\t\t\t<h1 class=\"mb-2 text-2xl\">Un wine village en el Pened\u00e8s<\/h1>\t\t\n\t\t\t\t\t<h2 class=\"text-xl mt-0\">El pueblo donde hacer enoturismo en Catalu\u00f1a<\/h2>\n\t\t\n\t\t\t\t\t<div class=\"grid mt-8 lg:grid-cols-2 gap-8\">\n\t\t\t\t\t\t\t\t<div>\n\t\t\t\t\t\t\t\t\t\t\t<p>Fue a partir del a\u00f1o 930 cuando Finca Viladellops inici\u00f3 su historia junto al castillo de Ol\u00e8rdola, con una torre medieval, actualmente perfectamente conservada, y que significa el inicio de la creaci\u00f3n del pueblo vitivin\u00edcola que lleva su nombre: Viladellops.<\/p>\n<p>Arraigados a nuestra historia, la finca cuenta con un patrimonio cultural que testimonia la fortaleza de todo el conjunto, dando como resultado un proyecto donde la tradici\u00f3n, la tierra y el vino son los principales protagonistas. La bodega produce vino desde 1877, empleando m\u00e9todos tradicionales que a\u00fan se utilizan en la actualidad.<\/p>\n\t\t\t\t\t\t\t\t\t<\/div>\n\t\t\t\t\t\t\t\t<div>\n\t\t\t\t\t\t\t\t\t\t\t<p>En la d\u00e9cada de los noventa, la bodega experiment\u00f3 un proceso de modernizaci\u00f3n y opt\u00f3 por centrarse en la creaci\u00f3n de vinos de alta calidad y con marcada esencia mediterr\u00e1nea. Este nuevo proyecto introdujo en Finca Viladellops las variedades de uva aut\u00f3ctonas como base de los vinos para transmitir la tipicidad y el aprecio de la zona: la Garnacha y el Xarel\u00b7lo. Desde aquel momento, seguimos con la tradici\u00f3n familiar por la elaboraci\u00f3n de nuestros vinos y por el aprecio de nuestras tierras 100% mediterr\u00e1neas.<\/p>\n<p>Finca Viladellops es el reflejo de un pueblo vitivin\u00edcola con antig\u00fcedad, autenticidad familiar e historia.<\/p>\n\t\t\t\t\t\t\t\t\t<\/div>\n\t\t\t\t\t\t\t<\/div>\n\t\t\n\t<\/div>\n\n<\/section>\n\n<section  class=\"dm-block gallery alignfull \"> <!-- section -->\n\n    <div class=\"px-4\"> <!-- if is a full width section, apply container -->\n\n\t\t\t\t\t\t<div class=\"dm-gallery-wrapper list-layout xl:flex gap-2\">\n\t\t\t\t\t\t\t\t\t\t\t<div class=\"gallery-item\">\n\t\t\t\t\t\t\t<a href=\"https:\/\/www.viladellops.com\/wp-content\/uploads\/2025\/12\/finca-viladellops-cellers.webp\" data-fancybox=\"gallery_6a06f1c529d20\">\n\t\t\t\t\t\t\t\t<img decoding=\"async\" class=\"gallery-image\" src=\"https:\/\/www.viladellops.com\/wp-content\/uploads\/2025\/12\/finca-viladellops-cellers.webp\" alt=\"\" \/>\n\t\t\t\t\t\t\t<\/a>\n\t\t\t\t\t\t<\/div>\n\t\t\t\t\t\t\t\t\t\t\t<div class=\"gallery-item\">\n\t\t\t\t\t\t\t<a href=\"https:\/\/www.viladellops.com\/wp-content\/uploads\/2025\/12\/viladellops-wine-tasting-products-3.webp\" data-fancybox=\"gallery_6a06f1c529d20\">\n\t\t\t\t\t\t\t\t<img decoding=\"async\" class=\"gallery-image\" src=\"https:\/\/www.viladellops.com\/wp-content\/uploads\/2025\/12\/viladellops-wine-tasting-products-3.webp\" alt=\"\" \/>\n\t\t\t\t\t\t\t<\/a>\n\t\t\t\t\t\t<\/div>\n\t\t\t\t\t\t\t\t\t\t\t<div class=\"gallery-item\">\n\t\t\t\t\t\t\t<a href=\"https:\/\/www.viladellops.com\/wp-content\/uploads\/2025\/12\/wine-village-villadellops-wine-tours.webp\" data-fancybox=\"gallery_6a06f1c529d20\">\n\t\t\t\t\t\t\t\t<img decoding=\"async\" class=\"gallery-image\" src=\"https:\/\/www.viladellops.com\/wp-content\/uploads\/2025\/12\/wine-village-villadellops-wine-tours.webp\" alt=\"\" \/>\n\t\t\t\t\t\t\t<\/a>\n\t\t\t\t\t\t<\/div>\n\t\t\t\t\t\t\t\t\t\t\t<div class=\"gallery-item\">\n\t\t\t\t\t\t\t<a href=\"https:\/\/www.viladellops.com\/wp-content\/uploads\/2025\/12\/enoturisme-finca-viladellops.webp\" data-fancybox=\"gallery_6a06f1c529d20\">\n\t\t\t\t\t\t\t\t<img decoding=\"async\" class=\"gallery-image\" src=\"https:\/\/www.viladellops.com\/wp-content\/uploads\/2025\/12\/enoturisme-finca-viladellops.webp\" alt=\"\" \/>\n\t\t\t\t\t\t\t<\/a>\n\t\t\t\t\t\t<\/div>\n\t\t\t\t\t\t\t\t\t\t\t<div class=\"gallery-item\">\n\t\t\t\t\t\t\t<a href=\"https:\/\/www.viladellops.com\/wp-content\/uploads\/2025\/12\/bed-and-breakfast-casa-de-pedra-viladellops-wine-tasting.webp\" data-fancybox=\"gallery_6a06f1c529d20\">\n\t\t\t\t\t\t\t\t<img decoding=\"async\" class=\"gallery-image\" src=\"https:\/\/www.viladellops.com\/wp-content\/uploads\/2025\/12\/bed-and-breakfast-casa-de-pedra-viladellops-wine-tasting.webp\" alt=\"\" \/>\n\t\t\t\t\t\t\t<\/a>\n\t\t\t\t\t\t<\/div>\n\t\t\t\t\t\t\t\t\t\t\t<div class=\"gallery-item\">\n\t\t\t\t\t\t\t<a href=\"https:\/\/www.viladellops.com\/wp-content\/uploads\/2025\/12\/viladellops-wine-tours-tasting.webp\" data-fancybox=\"gallery_6a06f1c529d20\">\n\t\t\t\t\t\t\t\t<img decoding=\"async\" class=\"gallery-image\" src=\"https:\/\/www.viladellops.com\/wp-content\/uploads\/2025\/12\/viladellops-wine-tours-tasting.webp\" alt=\"\" \/>\n\t\t\t\t\t\t\t<\/a>\n\t\t\t\t\t\t<\/div>\n\t\t\t\t\t\t\t\t\t<\/div>\n\t\t\t\t<\/div>\n\n<\/section>\n\n\n\n<div  class=\"dm-block block-tabs alignfull\">\n    <div class=\"gap-6 grid md:grid-cols-2  container\">\n        <div class=\"w-full m-auto\">\n            <h2 class=\"font-bold mb-4\">Pueblo vitivin\u00edcola de inter\u00e9s cultural<\/h2>\n            <p class=\"font-bold text-base mb-5\"><\/p>\n            <p>Alrededor de Finca Viladellops se pueden encontrar diferentes puntos de inter\u00e9s cultural ligados a nuestra finca que ayudan a entender momentos de nuestra historia. Puedes conocer la trayectoria de nuestra familia durante todos estos a\u00f1os al frente de Finca Viladellops y su bodega. Si te gustan los monumentos, dentro de nuestros vi\u00f1edos puedes encontrar la torre medieval del siglo XI, declarada Bien Cultural de Inter\u00e9s Nacional, y la ermita de Sant Joan, una ermita de estilo rom\u00e1nico restaurada por la familia en el a\u00f1o 1950.<\/p>\n<p>Actualmente, el pueblo lo componen 18 mas\u00edas (alojamientos tur\u00edsticos t\u00edpicos de la zona) que dan al pueblo el mismo ambiente que hace 100 a\u00f1os, puesto que se han preservado completamente la arquitectura y el entorno.<\/p>\n                            <a href=\"\/es\/enoturismo-en-el-penedes\/\" class=\"button-primary\">Descubre nuestras visitas enotur\u00edsticas<\/a>\n                    <\/div>\n        <div class=\"tabs\">\n            <div class=\"tabs__select relative flex justify-between\">\n                <span>Seleccionar&#8230;<\/span>\n                <svg xmlns=\"http:\/\/www.w3.org\/2000\/svg\" width=\"24\" height=\"24\" fill=\"currentColor\" class=\"transition-all duration-300\" viewBox=\"0 0 16 16\">\n                    <path fill-rule=\"evenodd\" d=\"M1.646 4.646a.5.5 0 0 1 .708 0L8 10.293l5.646-5.647a.5.5 0 0 1 .708.708l-6 6a.5.5 0 0 1-.708 0l-6-6a.5.5 0 0 1 0-.708\" \/>\n                <\/svg>\n            <\/div>\n            <div class=\"tabs__menu md:flex-row flex-col w-full\">\n                                    <h3 class=\"tab w-fit my-0 leading-0 px-8 py-5 text-center md:text-gray-900  active\" data-tab=\"tab1\">Centro de interpretaci\u00f3n<\/h3>\n                                                        <h3 class=\"tab w-fit my-0 leading-0 px-8 py-5 text-center md:text-gray-900 \" data-tab=\"tab2\">Ermita de Sant Joan del s.XIII<\/h3>\n                                                        <h3 class=\"tab w-fit my-0 leading-0 px-8 py-5 text-center md:text-gray-900 \" data-tab=\"tab3\">Torre medieval del s.XI<\/h3>\n                                                <\/div>\n            <div class=\"text-left justify-center mt-4\">\n                <div class=\"-mt-px w-auto m-auto\">\n                                                                <div id=\"tab1\" class=\"tabs__content active\" data-id=\"tab1\">\n                            <p>Espacio donde se explica la trayectoria de la familia y la historia de Catalu\u00f1a a partir de la documentaci\u00f3n textual, gr\u00e1fica y fotogr\u00e1fica del\u00a0<strong>Archivo Desvalls<\/strong>. Un proyecto cultural pionero, colaborativo entre el sector p\u00fablico y privado, que favorece el patrimonio documental en su contexto territorial, en este caso la comarca del Alt Pened\u00e8s.<\/p>\n<p>El fondo documental del\u00a0<strong>Archivo de la Familia Desvalls<\/strong>\u00a0alcanza desde el a\u00f1o 981 hasta 1983. Est\u00e1 formado por 4.529 pergaminos, 289 cajas de archivo con manuscritos y documentaci\u00f3n en papel, 554 im\u00e1genes (172 placas de vidrio, 377 positivos b\/n y 5 positivos color) y 203 planos y dibujos en tela, pergamino, papel y papel vegetal.<\/p>\n                        <\/div>\n                                                                    <div id=\"tab2\" class=\"tabs__content\" data-id=\"tab2\">\n                            <p>Capilla de una nave rectangular restaurada el 1950 por la propiedad. De estilo rom\u00e1nico data del s. XIII. En la fachada de poniente preside una puerta de punto redondo y ojo de buey de doble rasgada. Tiene una espada\u00f1a. En la fachada se a\u00f1ade la sacrist\u00eda, obra barroca. El ara primitiva de altar, con agujeros por las reliquias, se puso afuera con un pie de piedra y se celebra misa cuando no se cabe el interior.<\/p>\n<p><strong>El a\u00f1o 1951, la campana fue bautizada con el nombre de Margarida por el abuelo de Marcelo Desvalls<\/strong>, en honor a su mujer.<\/p>\n                        <\/div>\n                                                                    <div id=\"tab3\" class=\"tabs__content\" data-id=\"tab3\">\n                            <p>Dentro de una de las mas\u00edas que conforman Finca Viladellops, hay un edificio declarado\u00a0<strong>Bien Cultural de Inter\u00e9s Nacional (BCIN)<\/strong>. La torre tiene planta circular y est\u00e1 construida con sillares irregulares dispuestos en hileras horizontales. El lugar se menciona por primera vez en el a\u00f1o 976, en una donaci\u00f3n de tierras situadas dentro del t\u00e9rmino del Castell de Ol\u00e8rdola. La altura hasta el primer piso, desde el exterior, es, aproximadamente, de unos 7 metros. El aparato constructivo est\u00e1 formado por piedras irregulares y en el interior se observa un \u201copus spicatum\u201d o espiga de trigo, el tipo de construcci\u00f3n utilizada en tiempos romanos y medievales.<\/p>\n<p>El edificio adosado al oeste de la torre es considerado una prisi\u00f3n o, por algunos, la\u00a0<strong>capilla de Sant Joan<\/strong>\u00a0vell. Hace 4,5 metros de largo y 180 cm de altura.<\/p>\n                        <\/div>\n                                                            <\/div>\n            <\/div>\n        <\/div>\n    <\/div>\n<\/div>\n\n<section  class=\"dm-block gallery alignfull \"> <!-- section -->\n\n    <div class=\"px-4\"> <!-- if is a full width section, apply container -->\n\n\t\t\t\t\t\t<div class=\"dm-gallery-wrapper list-layout xl:flex gap-2\">\n\t\t\t\t\t\t\t\t\t\t\t<div class=\"gallery-item\">\n\t\t\t\t\t\t\t<a href=\"https:\/\/www.viladellops.com\/wp-content\/uploads\/2025\/12\/viladellops-wine-tasting-products.webp\" data-fancybox=\"gallery_6a06f1c52e43c\">\n\t\t\t\t\t\t\t\t<img decoding=\"async\" class=\"gallery-image\" src=\"https:\/\/www.viladellops.com\/wp-content\/uploads\/2025\/12\/viladellops-wine-tasting-products.webp\" alt=\"\" \/>\n\t\t\t\t\t\t\t<\/a>\n\t\t\t\t\t\t<\/div>\n\t\t\t\t\t\t\t\t\t\t\t<div class=\"gallery-item\">\n\t\t\t\t\t\t\t<a href=\"https:\/\/www.viladellops.com\/wp-content\/uploads\/2025\/12\/viladellops-wine-tasting-products-2.webp\" data-fancybox=\"gallery_6a06f1c52e43c\">\n\t\t\t\t\t\t\t\t<img decoding=\"async\" class=\"gallery-image\" src=\"https:\/\/www.viladellops.com\/wp-content\/uploads\/2025\/12\/viladellops-wine-tasting-products-2.webp\" alt=\"\" \/>\n\t\t\t\t\t\t\t<\/a>\n\t\t\t\t\t\t<\/div>\n\t\t\t\t\t\t\t\t\t\t\t<div class=\"gallery-item\">\n\t\t\t\t\t\t\t<a href=\"https:\/\/www.viladellops.com\/wp-content\/uploads\/2025\/12\/viladellops-hsitory-chapel-saint-john.webp\" data-fancybox=\"gallery_6a06f1c52e43c\">\n\t\t\t\t\t\t\t\t<img decoding=\"async\" class=\"gallery-image\" src=\"https:\/\/www.viladellops.com\/wp-content\/uploads\/2025\/12\/viladellops-hsitory-chapel-saint-john.webp\" alt=\"\" \/>\n\t\t\t\t\t\t\t<\/a>\n\t\t\t\t\t\t<\/div>\n\t\t\t\t\t\t\t\t\t\t\t<div class=\"gallery-item\">\n\t\t\t\t\t\t\t<a href=\"https:\/\/www.viladellops.com\/wp-content\/uploads\/2025\/12\/wine-tours-cultural-interest-history-viladellops.webp\" data-fancybox=\"gallery_6a06f1c52e43c\">\n\t\t\t\t\t\t\t\t<img decoding=\"async\" class=\"gallery-image\" src=\"https:\/\/www.viladellops.com\/wp-content\/uploads\/2025\/12\/wine-tours-cultural-interest-history-viladellops.webp\" alt=\"\" \/>\n\t\t\t\t\t\t\t<\/a>\n\t\t\t\t\t\t<\/div>\n\t\t\t\t\t\t\t\t\t\t\t<div class=\"gallery-item\">\n\t\t\t\t\t\t\t<a href=\"https:\/\/www.viladellops.com\/wp-content\/uploads\/2025\/12\/11th-century-towr-finca-viladellops-history-cultural-interest.webp\" data-fancybox=\"gallery_6a06f1c52e43c\">\n\t\t\t\t\t\t\t\t<img decoding=\"async\" class=\"gallery-image\" src=\"https:\/\/www.viladellops.com\/wp-content\/uploads\/2025\/12\/11th-century-towr-finca-viladellops-history-cultural-interest.webp\" alt=\"\" \/>\n\t\t\t\t\t\t\t<\/a>\n\t\t\t\t\t\t<\/div>\n\t\t\t\t\t\t\t\t\t\t\t<div class=\"gallery-item\">\n\t\t\t\t\t\t\t<a href=\"https:\/\/www.viladellops.com\/wp-content\/uploads\/2025\/12\/viladellops-wine-tasting-products-1.webp\" data-fancybox=\"gallery_6a06f1c52e43c\">\n\t\t\t\t\t\t\t\t<img decoding=\"async\" class=\"gallery-image\" src=\"https:\/\/www.viladellops.com\/wp-content\/uploads\/2025\/12\/viladellops-wine-tasting-products-1.webp\" alt=\"\" \/>\n\t\t\t\t\t\t\t<\/a>\n\t\t\t\t\t\t<\/div>\n\t\t\t\t\t\t\t\t\t<\/div>\n\t\t\t\t<\/div>\n\n<\/section>\n\n\n\n<section  class=\"dm-block block-img-section \">\n\n    <div class=\"flex flex-col gap-20 lg:grid lg:grid-cols-2 lg:items-center \">\n        <div class=\"h-full  lg:order-2\">\n\n                            <img loading=\"lazy\" decoding=\"async\" width=\"900\" height=\"1200\" src=\"https:\/\/www.viladellops.com\/wp-content\/uploads\/2025\/12\/viladellops-authentic-family-owned-project.webp\" class=\"w-full h-full aspect-square object-cover rounded-xl object-center\" alt=\"\" srcset=\"https:\/\/www.viladellops.com\/wp-content\/uploads\/2025\/12\/viladellops-authentic-family-owned-project.webp 900w, https:\/\/www.viladellops.com\/wp-content\/uploads\/2025\/12\/viladellops-authentic-family-owned-project-300x400.webp 300w, https:\/\/www.viladellops.com\/wp-content\/uploads\/2025\/12\/viladellops-authentic-family-owned-project-600x800.webp 600w, https:\/\/www.viladellops.com\/wp-content\/uploads\/2025\/12\/viladellops-authentic-family-owned-project-360x480.webp 360w, https:\/\/www.viladellops.com\/wp-content\/uploads\/2025\/12\/viladellops-authentic-family-owned-project-740x986.webp 740w, https:\/\/www.viladellops.com\/wp-content\/uploads\/2025\/12\/viladellops-authentic-family-owned-project-768x1024.webp 768w, https:\/\/www.viladellops.com\/wp-content\/uploads\/2025\/12\/viladellops-authentic-family-owned-project-285x380.webp 285w\" sizes=\"auto, (max-width: 900px) 100vw, 900px\" \/>            \n            \n            \n            \n            \n            \n        <\/div>\n        <div class=\"xl:max-w-[605px]\">\n\n            \n                                                    <h2 class=\"mb-0 text-primary\">\n                                                    Un proyecto familiar aut\u00e9ntico                                                <\/h2>\n                                                                    <div class=\"my-5 text-base leading-normal\">\n                    <p>La familia Desvalls, propietaria de Finca Viladellops, hasta el 1980 elaboraba el vino de manera tradicional, pero a partir de 1999, la nueva generaci\u00f3n de la familia, apost\u00f3 por la vitivinicultura moderna. Esto dio lugar a un proyecto t\u00edpico 100 % mediterr\u00e1neo introduciendo las variedades de uva m\u00e1s aut\u00f3ctonas y pr\u00f3ximas: la Garnacha y el Xarel\u00b7lo.<\/p>\n<p>Desde el primer d\u00eda, la familia Desvalls, ha estado vinculada a la tierra y la ha cuidado para mantener el paisaje aut\u00f3ctono. La generaci\u00f3n actual sigue la misma filosof\u00eda y mantiene la tradici\u00f3n. Apostando siempre por la sostenibilidad a la hora de elaborar los vinos para conseguir vinos con car\u00e1cter 100 % mediterr\u00e1neo.<\/p>\n<p><strong>Marcelo Desvalls<\/strong>, actual propietario, es el principal creador de esta nueva era de Finca Viladellops, deriv\u00e1ndolo a un proyecto sentimental donde evocar todos los esfuerzos.<\/p>\n<p>\u00c9l mismo explica:<\/p>\n<blockquote><p><em>\u201cNac\u00ed entre vi\u00f1edos, y mi infancia ha estado vinculada a la tierra. Me gustar\u00eda y as\u00ed espero, poder dejar un legado y traspasar el testigo a la siguiente generaci\u00f3n. Desde los inicios he buscado con pasi\u00f3n respetar el paisaje y junto con todo mi equipo elaborar unos vinos de calidad que expresen la magia del Macizo del Garraf\u201d.<\/em><\/p><\/blockquote>\n                <\/div>\n                        \n                    <\/div>\n            <\/div>\n\n<\/section>","protected":false},"excerpt":{"rendered":"","protected":false},"author":584,"featured_media":162,"parent":0,"menu_order":0,"comment_status":"closed","ping_status":"closed","template":"","meta":{"_acf_changed":false,"footnotes":""},"class_list":["post-23","page","type-page","status-publish","has-post-thumbnail","hentry"],"acf":[],"_links":{"self":[{"href":"https:\/\/www.viladellops.com\/es\/wp-json\/wp\/v2\/pages\/23","targetHints":{"allow":["GET"]}}],"collection":[{"href":"https:\/\/www.viladellops.com\/es\/wp-json\/wp\/v2\/pages"}],"about":[{"href":"https:\/\/www.viladellops.com\/es\/wp-json\/wp\/v2\/types\/page"}],"author":[{"embeddable":true,"href":"https:\/\/www.viladellops.com\/es\/wp-json\/wp\/v2\/users\/584"}],"replies":[{"embeddable":true,"href":"https:\/\/www.viladellops.com\/es\/wp-json\/wp\/v2\/comments?post=23"}],"version-history":[{"count":20,"href":"https:\/\/www.viladellops.com\/es\/wp-json\/wp\/v2\/pages\/23\/revisions"}],"predecessor-version":[{"id":3344,"href":"https:\/\/www.viladellops.com\/es\/wp-json\/wp\/v2\/pages\/23\/revisions\/3344"}],"wp:featuredmedia":[{"embeddable":true,"href":"https:\/\/www.viladellops.com\/es\/wp-json\/wp\/v2\/media\/162"}],"wp:attachment":[{"href":"https:\/\/www.viladellops.com\/es\/wp-json\/wp\/v2\/media?parent=23"}],"curies":[{"name":"wp","href":"https:\/\/api.w.org\/{rel}","templated":true}]}}