{"id":2683,"date":"2025-12-29T19:30:49","date_gmt":"2025-12-29T18:30:49","guid":{"rendered":"https:\/\/www.viladellops.com\/?page_id=2683"},"modified":"2026-01-08T16:46:27","modified_gmt":"2026-01-08T15:46:27","slug":"la-cantina-viladellops","status":"publish","type":"page","link":"https:\/\/www.viladellops.com\/es\/la-cantina-viladellops\/","title":{"rendered":"La cantina Viladellops"},"content":{"rendered":"\n    <div  class=\"h-[600px] dm-block block-mainslider alignfull\">\n        <div class=\"js-mainslider h-full swiper relative overflow-hidden\" data-count=\"1\">\n            <div class=\"swiper-wrapper\">\n                                    <li\n                        class=\"mainslider__item relative swiper-slide\"\n                                                                                            >\n                        <div class=\"mainslider__content relative z-10 h-full max-h-screen p-4 lg:p-12 flex flex-col gap-1 justify-center lg:justify-center lg:text-center\">\n                                                                                        <h1 class=\"mainslider__title m-0 text-white text-2xl lg:text-5xl\">\n                                    La Cantina Viladellops                                <\/h1>\n                                                                                    \n                        <\/div>\n                        \n                                                                            <picture>\n                                <source media=\"(max-width: 600px)\" srcset=\"\">\n                                <source media=\"(min-width: 1024px)\" srcset=\"https:\/\/www.viladellops.com\/wp-content\/uploads\/2025\/12\/restaurante-la-cantina-de-viladellops.webp\">\n                                <img decoding=\"async\" src=\"https:\/\/www.viladellops.com\/wp-content\/uploads\/2025\/12\/restaurante-la-cantina-de-viladellops.webp\" data-src=\"https:\/\/www.viladellops.com\/wp-content\/uploads\/2025\/12\/restaurante-la-cantina-de-viladellops.webp\" class=\"w-full h-full absolute object-cover object-right lg:object-top inset-0 z-0 brightness-50 \" alt=\"finca-villadellops-bodegas\" loading=\"eager\" fetchpriority=\"high\">\n                            <\/picture>\n                                            <\/li>\n                                <\/ul>\n            <\/div>\n            <div class=\"swiper-pagination\"><\/div>\n        <\/div>\n\n    <\/div>\n\n\n\n<section  class=\"dm-block paragraphs text-center \"> <!-- section -->\n\n\t<div class=\"\"> <!-- if is a full width section, apply container -->\n\n\t\t\t\t\t<h2 class=\"mb-2 text-2xl\">La Cantina, un restaurante en Finca Viladellops<\/h2>\t\t\n\t\t\n\t\t\t\t\t<div class=\"grid mt-8 \">\n\t\t\t\t\t\t\t\t<div>\n\t\t\t\t\t\t\t\t\t\t\t<p style=\"text-align: center;\">Los hermanos Alonso son los responsables de la cocina de la\u00a0<strong>Cantina Viladellops<\/strong>\u00a0y han llegado para imprimir su sello de\u00a0<strong>excelencia y calidad<\/strong>, para brindar a sus clientes experiencias \u00fanicas, a partir de la amplia oferta de actividades enoculturales que ofrece Finca Viladellops.<\/p>\n<p style=\"text-align: center;\">Un enclave \u00fanico entre vi\u00f1as e historia en Finca de Viladellops, son la base de este proyecto gastron\u00f3mico que conjuga\u00a0<strong>alta gastronom\u00eda<\/strong>\u00a0con los mejores productos de la zona y los\u00a0<strong>vinos de Finca de Viladellops<\/strong>.<\/p>\n\t\t\t\t\t\t\t\t\t<\/div>\n\t\t\t\t\t\t\t<\/div>\n\t\t\n\t<\/div>\n\n<\/section>\n\n\n<h3 class=\"wp-block-heading has-text-align-center\">Acaba la visita con el mejor maridaje: la gastronom\u00eda de La Cantina Viladellops.<\/h3>\n\n\n\n\n\n\n<section  class=\"dm-block block-post-type-list grid-layout\">\n\n        <div class=\"\">\n            <div class=\"mb-6\">\n                \n                <h2 class=\"mb-0 mt-4 text-3xl text-left\">Descubre las mejores experiencias enotur\u00edsticas<\/h2>                                            <\/div>\n\n                                                        <div class=\"grid gap-baseGap md:grid-cols-2 xl:grid-cols-4\">\n                                                                                \n<article class=\"swiper-slide w-full h-full card card-activity post-377 actividad type-actividad status-publish format-standard has-post-thumbnail hentry\">\n\n        <a\n            href=\"https:\/\/www.viladellops.com\/es\/actividad\/cata-de-vinos-entre-vinas-barcelona\/\"\n            title=\"Cata de vinos \u201cPremium\u201d entre vi\u00f1as\"\n            class=\"block aspect-4\/3 flex-grow-0 overflow-hidden w-full\">\n\n            <img loading=\"lazy\" decoding=\"async\" width=\"480\" height=\"320\" src=\"https:\/\/www.viladellops.com\/wp-content\/uploads\/2025\/12\/viladellops-wine-tours-history-480x320.webp\" class=\"object-cover object-center w-full h-full wp-post-image\" alt=\"\" srcset=\"https:\/\/www.viladellops.com\/wp-content\/uploads\/2025\/12\/viladellops-wine-tours-history-480x320.webp 480w, https:\/\/www.viladellops.com\/wp-content\/uploads\/2025\/12\/viladellops-wine-tours-history-300x200.webp 300w, https:\/\/www.viladellops.com\/wp-content\/uploads\/2025\/12\/viladellops-wine-tours-history-380x253.webp 380w, https:\/\/www.viladellops.com\/wp-content\/uploads\/2025\/12\/viladellops-wine-tours-history.webp 600w\" sizes=\"auto, (max-width: 480px) 100vw, 480px\" \/>\n        <\/a>\n\n        <div class=\"card-content flex-1\">\n\n                                    <a href=\"https:\/\/www.viladellops.com\/es\/actividad\/cata-de-vinos-entre-vinas-barcelona\/\" title=\"Cata de vinos \u201cPremium\u201d entre vi\u00f1as\">\n                            Cata de vinos \u201cPremium\u201d entre vi\u00f1as                        <\/a>\n                    \n                            <span class=\"activity-price text-lg\">45 \u20ac<\/span>\n            \n            \n            <p class=\"card-excerpt text-center\">\n                Cata de 5 vinos premium entre vi\u00f1edos\n\n            <\/p>\n\n            \n            <a href=\"https:\/\/www.viladellops.com\/es\/actividad\/cata-de-vinos-entre-vinas-barcelona\/\" class=\"button-primary\">\n                Reservar ahora            <\/a>\n\n        <\/div>\n\n<\/article>\n<article class=\"swiper-slide w-full h-full card card-activity post-376 actividad type-actividad status-publish format-standard has-post-thumbnail hentry\">\n\n        <a\n            href=\"https:\/\/www.viladellops.com\/es\/actividad\/la-alquimia-del-vino\/\"\n            title=\"La Alquimia del vino\"\n            class=\"block aspect-4\/3 flex-grow-0 overflow-hidden w-full\">\n\n            <img loading=\"lazy\" decoding=\"async\" width=\"480\" height=\"320\" src=\"https:\/\/www.viladellops.com\/wp-content\/uploads\/2025\/12\/galeria-dimatges-finca-viladellops-59-480x320.webp\" class=\"object-cover object-center w-full h-full wp-post-image\" alt=\"\" srcset=\"https:\/\/www.viladellops.com\/wp-content\/uploads\/2025\/12\/galeria-dimatges-finca-viladellops-59-480x320.webp 480w, https:\/\/www.viladellops.com\/wp-content\/uploads\/2025\/12\/galeria-dimatges-finca-viladellops-59-scaled-300x200.webp 300w, https:\/\/www.viladellops.com\/wp-content\/uploads\/2025\/12\/galeria-dimatges-finca-viladellops-59-scaled-600x400.webp 600w, https:\/\/www.viladellops.com\/wp-content\/uploads\/2025\/12\/galeria-dimatges-finca-viladellops-59-986x658.webp 986w, https:\/\/www.viladellops.com\/wp-content\/uploads\/2025\/12\/galeria-dimatges-finca-viladellops-59-768x512.webp 768w, https:\/\/www.viladellops.com\/wp-content\/uploads\/2025\/12\/galeria-dimatges-finca-viladellops-59-1536x1025.webp 1536w, https:\/\/www.viladellops.com\/wp-content\/uploads\/2025\/12\/galeria-dimatges-finca-viladellops-59-2048x1366.webp 2048w, https:\/\/www.viladellops.com\/wp-content\/uploads\/2025\/12\/galeria-dimatges-finca-viladellops-59-380x253.webp 380w\" sizes=\"auto, (max-width: 480px) 100vw, 480px\" \/>\n        <\/a>\n\n        <div class=\"card-content flex-1\">\n\n                                    <a href=\"https:\/\/www.viladellops.com\/es\/actividad\/la-alquimia-del-vino\/\" title=\"La Alquimia del vino\">\n                            La Alquimia del vino                        <\/a>\n                    \n                            <span class=\"activity-price text-lg\">65 \u20ac<\/span>\n            \n            \n            <p class=\"card-excerpt text-center\">\n                Actividad de team building para grupos de m\u00ednimo 12 personas.            <\/p>\n\n            \n            <a href=\"https:\/\/www.viladellops.com\/es\/actividad\/la-alquimia-del-vino\/\" class=\"button-primary\">\n                Reservar ahora            <\/a>\n\n        <\/div>\n\n<\/article>\n<article class=\"swiper-slide w-full h-full card card-activity post-375 actividad type-actividad status-publish format-standard has-post-thumbnail hentry\">\n\n        <a\n            href=\"https:\/\/www.viladellops.com\/es\/actividad\/visita-cultural-historia-y-vino\/\"\n            title=\"Historia y vino\"\n            class=\"block aspect-4\/3 flex-grow-0 overflow-hidden w-full\">\n\n            <img loading=\"lazy\" decoding=\"async\" width=\"480\" height=\"320\" src=\"https:\/\/www.viladellops.com\/wp-content\/uploads\/2025\/12\/fina-viladellops-wine-tours-tourisme-cultural-visit-history-and-wine-480x320.webp\" class=\"object-cover object-center w-full h-full wp-post-image\" alt=\"\" srcset=\"https:\/\/www.viladellops.com\/wp-content\/uploads\/2025\/12\/fina-viladellops-wine-tours-tourisme-cultural-visit-history-and-wine-480x320.webp 480w, https:\/\/www.viladellops.com\/wp-content\/uploads\/2025\/12\/fina-viladellops-wine-tours-tourisme-cultural-visit-history-and-wine-300x200.webp 300w, https:\/\/www.viladellops.com\/wp-content\/uploads\/2025\/12\/fina-viladellops-wine-tours-tourisme-cultural-visit-history-and-wine-600x400.webp 600w, https:\/\/www.viladellops.com\/wp-content\/uploads\/2025\/12\/fina-viladellops-wine-tours-tourisme-cultural-visit-history-and-wine-986x658.webp 986w, https:\/\/www.viladellops.com\/wp-content\/uploads\/2025\/12\/fina-viladellops-wine-tours-tourisme-cultural-visit-history-and-wine-768x512.webp 768w, https:\/\/www.viladellops.com\/wp-content\/uploads\/2025\/12\/fina-viladellops-wine-tours-tourisme-cultural-visit-history-and-wine-1536x1025.webp 1536w, https:\/\/www.viladellops.com\/wp-content\/uploads\/2025\/12\/fina-viladellops-wine-tours-tourisme-cultural-visit-history-and-wine-380x254.webp 380w, https:\/\/www.viladellops.com\/wp-content\/uploads\/2025\/12\/fina-viladellops-wine-tours-tourisme-cultural-visit-history-and-wine.webp 1920w\" sizes=\"auto, (max-width: 480px) 100vw, 480px\" \/>\n        <\/a>\n\n        <div class=\"card-content flex-1\">\n\n                                    <a href=\"https:\/\/www.viladellops.com\/es\/actividad\/visita-cultural-historia-y-vino\/\" title=\"Historia y vino\">\n                            Historia y vino                        <\/a>\n                    \n                            <span class=\"activity-price text-lg\">38 \u20ac<\/span>\n            \n            \n            <p class=\"card-excerpt text-center\">\n                Visita hist\u00f3rica + cata de 3 vinos premium.            <\/p>\n\n            \n            <a href=\"https:\/\/www.viladellops.com\/es\/actividad\/visita-cultural-historia-y-vino\/\" class=\"button-primary\">\n                Reservar ahora            <\/a>\n\n        <\/div>\n\n<\/article>\n<article class=\"swiper-slide w-full h-full card card-activity post-374 actividad type-actividad status-publish format-standard has-post-thumbnail hentry\">\n\n        <a\n            href=\"https:\/\/www.viladellops.com\/es\/actividad\/safari-entre-vinas-en-4x4\/\"\n            title=\"Safari entre vi\u00f1as en 4\u00d74\"\n            class=\"block aspect-4\/3 flex-grow-0 overflow-hidden w-full\">\n\n            <img loading=\"lazy\" decoding=\"async\" width=\"480\" height=\"320\" src=\"https:\/\/www.viladellops.com\/wp-content\/uploads\/2025\/12\/galeria-dimatges-finca-viladellops-4x4-1-480x320.webp\" class=\"object-cover object-center w-full h-full wp-post-image\" alt=\"\" srcset=\"https:\/\/www.viladellops.com\/wp-content\/uploads\/2025\/12\/galeria-dimatges-finca-viladellops-4x4-1-480x320.webp 480w, https:\/\/www.viladellops.com\/wp-content\/uploads\/2025\/12\/galeria-dimatges-finca-viladellops-4x4-1-300x200.webp 300w, https:\/\/www.viladellops.com\/wp-content\/uploads\/2025\/12\/galeria-dimatges-finca-viladellops-4x4-1-600x400.webp 600w, https:\/\/www.viladellops.com\/wp-content\/uploads\/2025\/12\/galeria-dimatges-finca-viladellops-4x4-1-986x657.webp 986w, https:\/\/www.viladellops.com\/wp-content\/uploads\/2025\/12\/galeria-dimatges-finca-viladellops-4x4-1-768x512.webp 768w, https:\/\/www.viladellops.com\/wp-content\/uploads\/2025\/12\/galeria-dimatges-finca-viladellops-4x4-1-380x253.webp 380w, https:\/\/www.viladellops.com\/wp-content\/uploads\/2025\/12\/galeria-dimatges-finca-viladellops-4x4-1.webp 1536w\" sizes=\"auto, (max-width: 480px) 100vw, 480px\" \/>\n        <\/a>\n\n        <div class=\"card-content flex-1\">\n\n                                    <a href=\"https:\/\/www.viladellops.com\/es\/actividad\/safari-entre-vinas-en-4x4\/\" title=\"Safari entre vi\u00f1as en 4\u00d74\">\n                            Safari entre vi\u00f1as en 4\u00d74                        <\/a>\n                    \n                            <span class=\"activity-price text-lg\">310 \u20ac<\/span>\n            \n            \n            <p class=\"card-excerpt text-center\">\n                Visita en 4\u00d74 y cata de vinos. Precio por coche.\n\n            <\/p>\n\n            \n            <a href=\"https:\/\/www.viladellops.com\/es\/actividad\/safari-entre-vinas-en-4x4\/\" class=\"button-primary\">\n                Reservar ahora            <\/a>\n\n        <\/div>\n\n<\/article>\n<article class=\"swiper-slide w-full h-full card card-activity post-373 actividad type-actividad status-publish format-standard has-post-thumbnail hentry\">\n\n        <a\n            href=\"https:\/\/www.viladellops.com\/es\/actividad\/cata-de-vinos-barcelona-premium\/\"\n            title=\"Cata de vinos \u201cPremium\u201d\"\n            class=\"block aspect-4\/3 flex-grow-0 overflow-hidden w-full\">\n\n            <img loading=\"lazy\" decoding=\"async\" width=\"480\" height=\"320\" src=\"https:\/\/www.viladellops.com\/wp-content\/uploads\/2025\/12\/galeria-dimatges-finca-viladellops-56-480x320.webp\" class=\"object-cover object-center w-full h-full wp-post-image\" alt=\"\" srcset=\"https:\/\/www.viladellops.com\/wp-content\/uploads\/2025\/12\/galeria-dimatges-finca-viladellops-56-480x320.webp 480w, https:\/\/www.viladellops.com\/wp-content\/uploads\/2025\/12\/galeria-dimatges-finca-viladellops-56-scaled-300x200.webp 300w, https:\/\/www.viladellops.com\/wp-content\/uploads\/2025\/12\/galeria-dimatges-finca-viladellops-56-scaled-600x400.webp 600w, https:\/\/www.viladellops.com\/wp-content\/uploads\/2025\/12\/galeria-dimatges-finca-viladellops-56-986x657.webp 986w, https:\/\/www.viladellops.com\/wp-content\/uploads\/2025\/12\/galeria-dimatges-finca-viladellops-56-768x512.webp 768w, https:\/\/www.viladellops.com\/wp-content\/uploads\/2025\/12\/galeria-dimatges-finca-viladellops-56-1536x1024.webp 1536w, https:\/\/www.viladellops.com\/wp-content\/uploads\/2025\/12\/galeria-dimatges-finca-viladellops-56-2048x1365.webp 2048w, https:\/\/www.viladellops.com\/wp-content\/uploads\/2025\/12\/galeria-dimatges-finca-viladellops-56-380x253.webp 380w\" sizes=\"auto, (max-width: 480px) 100vw, 480px\" \/>\n        <\/a>\n\n        <div class=\"card-content flex-1\">\n\n                                    <a href=\"https:\/\/www.viladellops.com\/es\/actividad\/cata-de-vinos-barcelona-premium\/\" title=\"Cata de vinos \u201cPremium\u201d\">\n                            Cata de vinos \u201cPremium\u201d                        <\/a>\n                    \n                            <span class=\"activity-price text-lg\">42 \u20ac<\/span>\n            \n            \n            <p class=\"card-excerpt text-center\">\n                Cata de 5 vinos premium en Finca Viladellops            <\/p>\n\n            \n            <a href=\"https:\/\/www.viladellops.com\/es\/actividad\/cata-de-vinos-barcelona-premium\/\" class=\"button-primary\">\n                Reservar ahora            <\/a>\n\n        <\/div>\n\n<\/article>\n<article class=\"swiper-slide w-full h-full card card-activity post-372 actividad type-actividad status-publish format-standard has-post-thumbnail hentry\">\n\n        <a\n            href=\"https:\/\/www.viladellops.com\/es\/actividad\/visita-finca-viladellops-eco-tour\/\"\n            title=\"Visita Finca Viladellops (Eco-Tour)\"\n            class=\"block aspect-4\/3 flex-grow-0 overflow-hidden w-full\">\n\n            <img loading=\"lazy\" decoding=\"async\" width=\"480\" height=\"320\" src=\"https:\/\/www.viladellops.com\/wp-content\/uploads\/2025\/12\/finca-viladellops-winevillage-wine-tourism-discover-12-480x320.webp\" class=\"object-cover object-center w-full h-full wp-post-image\" alt=\"\" srcset=\"https:\/\/www.viladellops.com\/wp-content\/uploads\/2025\/12\/finca-viladellops-winevillage-wine-tourism-discover-12-480x320.webp 480w, https:\/\/www.viladellops.com\/wp-content\/uploads\/2025\/12\/finca-viladellops-winevillage-wine-tourism-discover-12-300x200.webp 300w, https:\/\/www.viladellops.com\/wp-content\/uploads\/2025\/12\/finca-viladellops-winevillage-wine-tourism-discover-12-380x253.webp 380w, https:\/\/www.viladellops.com\/wp-content\/uploads\/2025\/12\/finca-viladellops-winevillage-wine-tourism-discover-12.webp 600w\" sizes=\"auto, (max-width: 480px) 100vw, 480px\" \/>\n        <\/a>\n\n        <div class=\"card-content flex-1\">\n\n                                    <a href=\"https:\/\/www.viladellops.com\/es\/actividad\/visita-finca-viladellops-eco-tour\/\" title=\"Visita Finca Viladellops (Eco-Tour)\">\n                            Visita Finca Viladellops (Eco-Tour)                        <\/a>\n                    \n                            <span class=\"activity-price text-lg\">38 \u20ac<\/span>\n            \n            \n            <p class=\"card-excerpt text-center\">\n                Visita + cata de 3 vinos \u201cpremium\u201d            <\/p>\n\n            \n            <a href=\"https:\/\/www.viladellops.com\/es\/actividad\/visita-finca-viladellops-eco-tour\/\" class=\"button-primary\">\n                Reservar ahora            <\/a>\n\n        <\/div>\n\n<\/article>                                            <\/div>\n                                        \n            \n            \n\n        <\/div>\n\n<\/section>\n\n<section  class=\"dm-block gallery alignfull \"> <!-- section -->\n\n    <div class=\"px-4\"> <!-- if is a full width section, apply container -->\n\n\t\t\t\t\t\t<div class=\"dm-gallery-wrapper list-layout xl:flex gap-2\">\n\t\t\t\t\t\t\t\t\t\t\t<div class=\"gallery-item\">\n\t\t\t\t\t\t\t<a href=\"https:\/\/www.viladellops.com\/wp-content\/uploads\/2025\/12\/cantina-viladellops.webp\" data-fancybox=\"gallery_6a06f0216315a\">\n\t\t\t\t\t\t\t\t<img decoding=\"async\" class=\"gallery-image\" src=\"https:\/\/www.viladellops.com\/wp-content\/uploads\/2025\/12\/cantina-viladellops-986x657.webp\" alt=\"finca-villadellops-bodegas\" \/>\n\t\t\t\t\t\t\t<\/a>\n\t\t\t\t\t\t<\/div>\n\t\t\t\t\t\t\t\t\t\t\t<div class=\"gallery-item\">\n\t\t\t\t\t\t\t<a href=\"https:\/\/www.viladellops.com\/wp-content\/uploads\/2025\/12\/carne-cantina-viladellops.webp\" data-fancybox=\"gallery_6a06f0216315a\">\n\t\t\t\t\t\t\t\t<img decoding=\"async\" class=\"gallery-image\" src=\"https:\/\/www.viladellops.com\/wp-content\/uploads\/2025\/12\/carne-cantina-viladellops-986x657.webp\" alt=\"finca-villadellops-bodegas\" \/>\n\t\t\t\t\t\t\t<\/a>\n\t\t\t\t\t\t<\/div>\n\t\t\t\t\t\t\t\t\t\t\t<div class=\"gallery-item\">\n\t\t\t\t\t\t\t<a href=\"https:\/\/www.viladellops.com\/wp-content\/uploads\/2025\/12\/viladellops-platos-la-cantina.webp\" data-fancybox=\"gallery_6a06f0216315a\">\n\t\t\t\t\t\t\t\t<img decoding=\"async\" class=\"gallery-image\" src=\"https:\/\/www.viladellops.com\/wp-content\/uploads\/2025\/12\/viladellops-platos-la-cantina-986x657.webp\" alt=\"finca-villadellops-bodegas\" \/>\n\t\t\t\t\t\t\t<\/a>\n\t\t\t\t\t\t<\/div>\n\t\t\t\t\t\t\t\t\t\t\t<div class=\"gallery-item\">\n\t\t\t\t\t\t\t<a href=\"https:\/\/www.viladellops.com\/wp-content\/uploads\/2025\/12\/viladellops-platos-restaurante.webp\" data-fancybox=\"gallery_6a06f0216315a\">\n\t\t\t\t\t\t\t\t<img decoding=\"async\" class=\"gallery-image\" src=\"https:\/\/www.viladellops.com\/wp-content\/uploads\/2025\/12\/viladellops-platos-restaurante-986x657.webp\" alt=\"finca-villadellops-bodegas\" \/>\n\t\t\t\t\t\t\t<\/a>\n\t\t\t\t\t\t<\/div>\n\t\t\t\t\t\t\t\t\t<\/div>\n\t\t\t\t<\/div>\n\n<\/section>\n","protected":false},"excerpt":{"rendered":"<p>Acaba la visita con el mejor maridaje: la gastronom\u00eda de La Cantina Viladellops.<\/p>\n","protected":false},"author":584,"featured_media":0,"parent":0,"menu_order":0,"comment_status":"closed","ping_status":"closed","template":"","meta":{"_acf_changed":false,"footnotes":""},"class_list":["post-2683","page","type-page","status-publish","hentry"],"acf":[],"_links":{"self":[{"href":"https:\/\/www.viladellops.com\/es\/wp-json\/wp\/v2\/pages\/2683","targetHints":{"allow":["GET"]}}],"collection":[{"href":"https:\/\/www.viladellops.com\/es\/wp-json\/wp\/v2\/pages"}],"about":[{"href":"https:\/\/www.viladellops.com\/es\/wp-json\/wp\/v2\/types\/page"}],"author":[{"embeddable":true,"href":"https:\/\/www.viladellops.com\/es\/wp-json\/wp\/v2\/users\/584"}],"replies":[{"embeddable":true,"href":"https:\/\/www.viladellops.com\/es\/wp-json\/wp\/v2\/comments?post=2683"}],"version-history":[{"count":5,"href":"https:\/\/www.viladellops.com\/es\/wp-json\/wp\/v2\/pages\/2683\/revisions"}],"predecessor-version":[{"id":2696,"href":"https:\/\/www.viladellops.com\/es\/wp-json\/wp\/v2\/pages\/2683\/revisions\/2696"}],"wp:attachment":[{"href":"https:\/\/www.viladellops.com\/es\/wp-json\/wp\/v2\/media?parent=2683"}],"curies":[{"name":"wp","href":"https:\/\/api.w.org\/{rel}","templated":true}]}}