{"id":40,"date":"2025-11-11T12:23:50","date_gmt":"2025-11-11T11:23:50","guid":{"rendered":"http:\/\/viladellops-new.local\/?page_id=40"},"modified":"2026-01-08T16:46:21","modified_gmt":"2026-01-08T15:46:21","slug":"condiciones-de-compra","status":"publish","type":"page","link":"https:\/\/www.viladellops.com\/es\/condiciones-de-compra\/","title":{"rendered":"Condiciones de compra"},"content":{"rendered":"\n<h2 class=\"wp-block-heading\" id=\"dadesfiscals\">Datos fiscales de Viladellops<\/h2>\n\n\n\n<figure class=\"wp-block-table\"><table class=\"has-fixed-layout\"><tbody><tr><th>Denominaci\u00f3n<\/th><td>Viladellops Vin\u00edcola SL<\/td><\/tr><tr><th>CIF<\/th><td>ESB60460409<\/td><\/tr><tr><th>Direcci\u00f3n<\/th><td>Viladellops 5<br>08734 Ol\u00e8rdola<br>Barcelona \u2013 Espa\u00f1a<\/td><\/tr><tr><th>Tel\u00e9fono<\/th><td><a href=\"tel:+34938188371\">(+34) 938 188 371<\/a><\/td><\/tr><tr><th>eMail<\/th><td><a href=\"mailto:info@viladellops.com\">info@viladellops.com<\/a><\/td><\/tr><\/tbody><\/table><\/figure>\n\n\n\n<h2 class=\"wp-block-heading\">Objeto y \u00e1mbito de aplicaci\u00f3n<\/h2>\n\n\n\n<p>Las presentes Condiciones Generales de Contrataci\u00f3n tienen como objeto regular la relaci\u00f3n entre Viladellops Vin\u00edcola S.L. (en adelante, \u201cFinca Viladellops\u201d y\/o la Compa\u00f1\u00eda) y usted (en adelante, el \u201cCliente\u201d), relativa a todas las transacciones realizadas a trav\u00e9s del sitio web Viladellops.com (en adelante el \u201cSitio Web\u201d) consistentes en reservas de visitas y actividades de la empresa (en adelante, los \u201cServicios\u201d)<\/p>\n\n\n\n<h2 class=\"wp-block-heading\">Exclusiones<\/h2>\n\n\n\n<p>Queda prohibida la prestaci\u00f3n de los Servicios a trav\u00e9s del Sitio Web a menores de 18 a\u00f1os que no vayan acompa\u00f1ados de un adulto.<\/p>\n\n\n\n<p>As\u00ed mismo, los servicios ofrecidos por Finca Viladellops a trav\u00e9s del Sitio Web que impliquen el consumo de bebidas alcoh\u00f3licas de cualquier gradaci\u00f3n quedan prohibidas a menores de 18 a\u00f1os.<\/p>\n\n\n\n<h2 class=\"wp-block-heading\">Aceptaci\u00f3n y prueba de aceptaci\u00f3n<\/h2>\n\n\n\n<p>La contrataci\u00f3n de los Servicios ofrecidos por Finca Viladellops han de realizarse a trav\u00e9s de la activaci\u00f3n del bot\u00f3n RESERVAR que aparece al pie de p\u00e1gina de reserva de Servicios, y expresa la aceptaci\u00f3n total de las presentes Condiciones generales de Contrataci\u00f3n con anterioridad a la reserva de los Servicios, sin que le sean de aplicaci\u00f3n las novedades que puedan producirse al clausulado de las Condiciones Generales de Contrataci\u00f3n con posterioridad<\/p>\n\n\n\n<p>De del momento de la aceptaci\u00f3n, el usuario adquiere la condici\u00f3n de Cliente de Finca Viladellops que se describe en estas Condiciones Generales de Contrataci\u00f3n. Cualquier servicio ofrecido con posterioridad por Finca Viladellops tendr\u00e1 que ser objeto de una nueva contrataci\u00f3n.<\/p>\n\n\n\n<p>Si el Cliente desea leer con m\u00e1s atenci\u00f3n las Condiciones Generales de la Contrataci\u00f3n, puede imprimir en papel o guardar el documento en formato electr\u00f3nico.<\/p>\n\n\n\n<p>Finca Viladellops enviar\u00e1 al Cliente, una vez aceptadas de forma expresa, las Condiciones Generales de Contrataci\u00f3n, justificaci\u00f3n de la contrataci\u00f3n efectuada, en todos sus t\u00e9rminos, a trav\u00e9s de correo electr\u00f3nico, o correo certificado con acuse de recepci\u00f3n antes de que se cumplan 24 horas de la compra.<\/p>\n\n\n\n<p>As\u00ed mismo, Finca Viladellops remitir\u00e1 la reserva al Cliente a trav\u00e9s de los medios electr\u00f3nicos aportados por el propio Cliente.<\/p>\n\n\n\n<p>Finca Viladellops le informa de que archiva los documentos electr\u00f3nicos en los que quedan formalizadas las contrataciones, a las cuales el Cliente podr\u00e1 acceder en cualquier momento, solicit\u00e1ndolo al Departamento de Atenci\u00f3n de Visitas de Finca Viladellops.<br>En caso de que el Cliente cometiera un error en la hora de enviar los datos, podr\u00e1 modificarlas al Departamento de atenci\u00f3n de Visitas de Finca Viladellops.<\/p>\n\n\n\n<h2 class=\"wp-block-heading\">Precios, Forma de Pago, Condiciones de visita y Cancelaci\u00f3n de Reserva<\/h2>\n\n\n\n<h3 class=\"wp-block-heading\">4.1 Precios<\/h3>\n\n\n\n<p>Los precios aplicables a cada Servicio son los indicados al Sitio web en la fecha de contrataci\u00f3n incluyente todos ellos el IVA.<br>Las ofertas estar\u00e1n debidamente marcadas e identificadas como tales, indicando convenientemente el precio anterior y el precio de la oferta.<br>Finca Viladellops se reserva el derecho a efectuar cambios al Sitio web, en cualquier momento y sin previo aviso, las modificaciones que considere oportunas, pudiendo actualizar diariamente los Servicios en funci\u00f3n del mercado.<\/p>\n\n\n\n<h3 class=\"wp-block-heading\">4.2 Forma de pago<\/h3>\n\n\n\n<p>La adquisici\u00f3n de los Servicios se pueden efectuar por cualquier de los medios siguientes, a saber:<\/p>\n\n\n\n<ul class=\"wp-block-list\">\n<li>Por medio de la pasarela de pago de la entidad \u201cBanco de Sabadell\u201d.<\/li>\n\n\n\n<li>Paypal<\/li>\n<\/ul>\n\n\n\n<h3 class=\"wp-block-heading\">4.3 Condiciones de visita<\/h3>\n\n\n\n<p>La visita empezar\u00e1 puntualmente en la hora concretada. Pasados 10 minutos de la hora de inicio, no ser\u00e1 posible a\u00f1adirse al grupo.<br>Las visitas tendr\u00e1n que reservarse con antelaci\u00f3n dado su aforo limitado. En caso de presentarse sin reserva se los podr\u00e1 a\u00f1adir a una visita en caso de que de haber plazas libres.<\/p>\n\n\n\n<h3 class=\"wp-block-heading\">4.4 Cancelaci\u00f3n de Reserva<\/h3>\n\n\n\n<p>Finca Viladellops ofrece al Cliente la posibilidad de anular su reserva a trav\u00e9s de la direcci\u00f3n de correo electr\u00f3nico&nbsp;<a href=\"mailto:info@viladellops.com\">info@viladellops.com<\/a>. En caso de anulaci\u00f3n de la visita, no se devolver\u00e1 el importe cobrado.<\/p>\n\n\n\n<p>No obstante, el Cliente podr\u00e1 realizar la visita otro d\u00eda diferente a concretar con la bodega y durante un periodo m\u00e1ximo de 2 meses.<br>Finca Viladellops se reserva el derecho de modificado unilateralmente el contenido, recorrido, alterar la duraci\u00f3n de la visita por causas razonables, tales como lluvia, niebla u otras condiciones meteorol\u00f3gicas, falta de suministro el\u00e9ctrico, fallos mec\u00e1nicos o inform\u00e1ticas, etc.<\/p>\n\n\n\n<p>En el caso de que Finca Viladellops cancelara la visita por causas imputables a la empresa antes de su inicio, existir\u00e1 el derecho de reembolso de los importes pagados.<br>Para cualquier reclamaci\u00f3n o consulta puede dirigirse a la siguiente direcci\u00f3n de correo electr\u00f3nico:&nbsp;<a href=\"mailto:info@viladellops.com\">info@viladellops.com<\/a><\/p>\n\n\n\n<h2 class=\"wp-block-heading\">Idioma<\/h2>\n\n\n\n<p>El idioma en el cual se perfeccionar\u00e1 el contrato entre Finca Viladellops y el Cliente catal\u00e1n.<\/p>\n\n\n\n<h2 class=\"wp-block-heading\">Responsabilidades de Finca Viladellops<\/h2>\n\n\n\n<p>Finca Viladellops garantiza la calidad del Servicio contratado a trav\u00e9s de su Sitio web. Quedan garantizados todos los derechos que las Leyes en vigor garantizan a los consumidores y usuarios.<\/p>\n\n\n\n<p>El incumplimiento de cualquier de estas Condiciones Generales de Contrataci\u00f3n podr\u00e1 dar lugar a la cancelaci\u00f3n de los Servicios contratados por el Cliente.<\/p>\n\n\n\n<h2 class=\"wp-block-heading\">Responsabilidades del Cliente<\/h2>\n\n\n\n<p>El Cliente se obliga a realizar un uso l\u00edcito de los Servicios, sin contravenir la legislaci\u00f3n vigente, ni lesionar los derechos e intereses de terceras personas.<\/p>\n\n\n\n<p>El Cliente garantiza la veracidad y exactitud de los datos facilitados al agasajar los formularios de contrataci\u00f3n, evitando la causaci\u00f3n de perjuicios a Finca Viladellops producto de la incorrecci\u00f3n de los mismos.<\/p>\n\n\n\n<p>El incumplimiento de cualquier de estas Condiciones Generales de Contrataci\u00f3n podr\u00e1 dar laurel a la retirada o cancelaci\u00f3n de los Servicios por parte de Finca Viladellops sin necesidad de previo aviso al Cliente y sin que esto le d\u00e9 derecho a ning\u00fan tipo de indemnizaci\u00f3n.<\/p>\n\n\n\n<h2 class=\"wp-block-heading\">Datos personales y comunicaciones comerciales<\/h2>\n\n\n\n<p>Sin prejuicio del previsto en el indicado en cada uno de los formularios del Sitio web, los datos personales que el Cliente facilite formar\u00e1n parte de un fichero titularidad de Finca Viladellops con el fin de gestionar y atender su solicitud, esto como para poder remitir la informaci\u00f3n sobre los productos que elaboramos y distribuimos, tanto por medios postales como electr\u00f3nicos.<\/p>\n\n\n\n<p>Puede ejercer sus derechos de acceso, rectificaci\u00f3n, cancelaci\u00f3n y oposici\u00f3n, as\u00ed como revocar el consentimiento prestado para el env\u00edo de comunicaciones comerciales, enviando un correo electr\u00f3nico a la direcci\u00f3n&nbsp;<a href=\"mailto:info@viladellops.com\">info@viladellops.com<\/a>&nbsp;o una carta dirigida a: Finca Viladellops, Finca Viladellops 08734 Viladellops (Ol\u00e8rdola)<\/p>\n\n\n\n<h2 class=\"wp-block-heading\">Propiedad Industrial e intelectual<\/h2>\n\n\n\n<p>Los derechos de propiedad intelectual e industrial sobre las creaciones, marcas, logotipos, y cualquier otro susceptible de protecci\u00f3n, contenidos al Sitio web de Finca Viladellops corresponden en exclusiva a Finca Viladellops o a terceros que han autorizado su inclusi\u00f3n al Sitio web. La reproducci\u00f3n, distribuci\u00f3n, comercializaci\u00f3n o transformaci\u00f3n no autorizadas de dichas creaciones, marcas, logotipos, etc. constituye una infracci\u00f3n de los derechos de propiedad intelectual e industrial de Finca Viladellops o del titular de los mismos, y podr\u00e1 dar lugar al ejercicio de cu\u00e1ntas acciones judiciales o extrajudiciales le pudieran corresponder en el ejercicio de sus derechos.<\/p>\n\n\n\n<p>As\u00ed mismo, la informaci\u00f3n a la cual el Cliente puede acceder a trav\u00e9s del Sitio web, puede estar protegida por derechos de propiedad intelectual o de otra \u00edndole. Finca Viladellops no ser\u00e1 responsable en ning\u00fan caso y bajo ning\u00fan concepto de las infracciones de tales derechos que pueda cometer como usuario.<\/p>\n\n\n\n<h2 class=\"wp-block-heading\">Jurisdicci\u00f3n y Ley aplicable<\/h2>\n\n\n\n<p>En el supuesto de que surgiera cualquier conflicto o discrepancia en la interpretaci\u00f3n o aplicaci\u00f3n de las presentes Condiciones Generales de Contrataci\u00f3n, los Juzgados y Tribunales que, en su caso, conocer\u00e1n del asunto, ser\u00e1n los que disponga la normativa legal aplicable en materia de jurisdicci\u00f3n competente, en la cual se atiende, trat\u00e1ndose de consumidores finales, al lugar de cumplimiento de la obligaci\u00f3n o al del domicilio de la parte compradora.<\/p>\n\n\n\n<p>En caso de que se trate de una compraventa realizada por una empresa, ambas partes se someten, con renuncia expr\u00e9s a cualquier otro fuero, a los Juzgados y Tribunales de Barcelona (Espa\u00f1a).<\/p>\n","protected":false},"excerpt":{"rendered":"<p>Datos fiscales de Viladellops Denominaci\u00f3n Viladellops Vin\u00edcola SL CIF ESB60460409 Direcci\u00f3n Viladellops 508734 Ol\u00e8rdolaBarcelona \u2013 Espa\u00f1a Tel\u00e9fono (+34) 938 188 371 eMail info@viladellops.com Objeto y \u00e1mbito de aplicaci\u00f3n Las presentes Condiciones Generales de Contrataci\u00f3n tienen como objeto regular la relaci\u00f3n entre Viladellops Vin\u00edcola S.L. (en adelante, \u201cFinca Viladellops\u201d y\/o la Compa\u00f1\u00eda) y usted (en adelante, [&hellip;]<\/p>\n","protected":false},"author":584,"featured_media":0,"parent":0,"menu_order":0,"comment_status":"closed","ping_status":"closed","template":"","meta":{"_acf_changed":false,"footnotes":""},"class_list":["post-40","page","type-page","status-publish","hentry"],"acf":[],"_links":{"self":[{"href":"https:\/\/www.viladellops.com\/es\/wp-json\/wp\/v2\/pages\/40","targetHints":{"allow":["GET"]}}],"collection":[{"href":"https:\/\/www.viladellops.com\/es\/wp-json\/wp\/v2\/pages"}],"about":[{"href":"https:\/\/www.viladellops.com\/es\/wp-json\/wp\/v2\/types\/page"}],"author":[{"embeddable":true,"href":"https:\/\/www.viladellops.com\/es\/wp-json\/wp\/v2\/users\/584"}],"replies":[{"embeddable":true,"href":"https:\/\/www.viladellops.com\/es\/wp-json\/wp\/v2\/comments?post=40"}],"version-history":[{"count":6,"href":"https:\/\/www.viladellops.com\/es\/wp-json\/wp\/v2\/pages\/40\/revisions"}],"predecessor-version":[{"id":129,"href":"https:\/\/www.viladellops.com\/es\/wp-json\/wp\/v2\/pages\/40\/revisions\/129"}],"wp:attachment":[{"href":"https:\/\/www.viladellops.com\/es\/wp-json\/wp\/v2\/media?parent=40"}],"curies":[{"name":"wp","href":"https:\/\/api.w.org\/{rel}","templated":true}]}}