{"id":378,"date":"2025-12-01T13:16:35","date_gmt":"2025-12-01T12:16:35","guid":{"rendered":"http:\/\/viladellopsnew.local\/?post_type=product&#038;p=378"},"modified":"2026-02-05T12:07:00","modified_gmt":"2026-02-05T11:07:00","slug":"viladellops-xarello","status":"publish","type":"product","link":"https:\/\/www.viladellops.com\/es\/producto\/viladellops-xarello\/","title":{"rendered":"Viladellops Xarel\u00b7lo"},"content":{"rendered":"","protected":false},"excerpt":{"rendered":"<p><em>Viladellops Xarel\u00b7lo ha nacido para destacar y hacer destacar. Su color amarillo verdoso y su gusto lleno y grasiento busca salir de aquello tradicional y ofrecerte una experiencia diferente.<\/em><\/p>\n<p>Nos encontramos ante un\u00a0<span class=\"hiddenSpellError\">coupage<\/span>, con una variedad, 100% Xarel\u00b7lo, procedente de vi\u00f1as viejas, que definen su car\u00e1cter y su tipicidad. Se trata de un vino elaborado sin la intervenci\u00f3n de la madera. El Xarel\u00b7lo es un vino fresco con notas de fruta blanca y anisados. Cada a\u00f1o se escogen las mejores parcelas de xarel\u00b7lo para hacer un vino con un car\u00e1cter mediterr\u00e1neo marcado. Selecci\u00f3n manual para bajar los niveles de SO2 trabajamos en vinificaci\u00f3n en\u00a0inox\u00a0con trabajo de lias durando todo el periodo de invierno. En boca destacan aromas a bosque mediterr\u00e1neo, fruta blanca y anisados \u200b\u200b(hinojo) que resaltan la mineralidad y sensaciones salinas que proporcionan un postgusto fresco y largo.<\/p>\n","protected":false},"featured_media":3834,"comment_status":"closed","ping_status":"closed","template":"","meta":{"_acf_changed":false},"product_brand":[],"product_cat":[26,24],"product_tag":[38,40,43],"class_list":{"0":"post-378","1":"product","2":"type-product","3":"status-publish","4":"has-post-thumbnail","6":"product_cat-los-vinos-blancos-de-finca-viladellops","7":"product_cat-vinos","8":"product_tag-ecologico","9":"product_tag-macizo-del-garraf","10":"product_tag-xarello","12":"first","13":"instock","14":"taxable","15":"shipping-taxable","16":"purchasable","17":"product-type-variable"},"acf":[],"_links":{"self":[{"href":"https:\/\/www.viladellops.com\/es\/wp-json\/wp\/v2\/product\/378","targetHints":{"allow":["GET"]}}],"collection":[{"href":"https:\/\/www.viladellops.com\/es\/wp-json\/wp\/v2\/product"}],"about":[{"href":"https:\/\/www.viladellops.com\/es\/wp-json\/wp\/v2\/types\/product"}],"replies":[{"embeddable":true,"href":"https:\/\/www.viladellops.com\/es\/wp-json\/wp\/v2\/comments?post=378"}],"wp:featuredmedia":[{"embeddable":true,"href":"https:\/\/www.viladellops.com\/es\/wp-json\/wp\/v2\/media\/3834"}],"wp:attachment":[{"href":"https:\/\/www.viladellops.com\/es\/wp-json\/wp\/v2\/media?parent=378"}],"wp:term":[{"taxonomy":"product_brand","embeddable":true,"href":"https:\/\/www.viladellops.com\/es\/wp-json\/wp\/v2\/product_brand?post=378"},{"taxonomy":"product_cat","embeddable":true,"href":"https:\/\/www.viladellops.com\/es\/wp-json\/wp\/v2\/product_cat?post=378"},{"taxonomy":"product_tag","embeddable":true,"href":"https:\/\/www.viladellops.com\/es\/wp-json\/wp\/v2\/product_tag?post=378"}],"curies":[{"name":"wp","href":"https:\/\/api.w.org\/{rel}","templated":true}]}}