{"id":381,"date":"2025-12-01T13:19:02","date_gmt":"2025-12-01T12:19:02","guid":{"rendered":"http:\/\/viladellopsnew.local\/?post_type=product&#038;p=381"},"modified":"2026-02-05T12:06:37","modified_gmt":"2026-02-05T11:06:37","slug":"finca-viladellops-xarello","status":"publish","type":"product","link":"https:\/\/www.viladellops.com\/es\/producto\/finca-viladellops-xarello\/","title":{"rendered":"Finca Viladellops Xarel\u00b7lo"},"content":{"rendered":"","protected":false},"excerpt":{"rendered":"<p><em>Finca Viladellops Xarel-lo est\u00e1 dise\u00f1ado para hacerte vivir diferentes experiencias arom\u00e1ticas mientras disfrutas de su sabor fresco y complejo.<\/em><\/p>\n<p>Finca Viladellops Xarel\u00b7lo es el vino m\u00e1s representativo de la bodega, en lo que respecta a los blancos. Nos encontramos ante un monovarietal de Xarel\u00b7lo, procedente de una selecci\u00f3n de los mejores racimos de nuestras vi\u00f1as m\u00e1s viejas, y que adem\u00e1s contiene un 30% de Xarel\u00b7lo Rosado, una variedad casi inexistente, de la que quedan actualmente pocas hect\u00e1reas.Este vino, despu\u00e9s de un periodo de crianza de aproximadamente un a\u00f1o, tiene en boca un marcado car\u00e1cter mineral-salino, muy estructurado, complejo y equilibrado, pero a la vez fresco, gracias a la acidez caracter\u00edstica del Xarel\u00b7lo. Significa 3 partidas \u00fanicas de Xarel-lo: Xarel-lo rosado, Xarel-lo calc\u00e1reo y Xarel-lo en anillas.<\/p>\n","protected":false},"featured_media":256,"comment_status":"closed","ping_status":"closed","template":"","meta":{"_acf_changed":false},"product_brand":[],"product_cat":[26,24],"product_tag":[38,40,43,44],"class_list":{"0":"post-381","1":"product","2":"type-product","3":"status-publish","4":"has-post-thumbnail","6":"product_cat-los-vinos-blancos-de-finca-viladellops","7":"product_cat-vinos","8":"product_tag-ecologico","9":"product_tag-macizo-del-garraf","10":"product_tag-xarello","11":"product_tag-xarello-rosado","13":"first","14":"instock","15":"taxable","16":"shipping-taxable","17":"purchasable","18":"product-type-variable"},"acf":[],"_links":{"self":[{"href":"https:\/\/www.viladellops.com\/es\/wp-json\/wp\/v2\/product\/381","targetHints":{"allow":["GET"]}}],"collection":[{"href":"https:\/\/www.viladellops.com\/es\/wp-json\/wp\/v2\/product"}],"about":[{"href":"https:\/\/www.viladellops.com\/es\/wp-json\/wp\/v2\/types\/product"}],"replies":[{"embeddable":true,"href":"https:\/\/www.viladellops.com\/es\/wp-json\/wp\/v2\/comments?post=381"}],"wp:featuredmedia":[{"embeddable":true,"href":"https:\/\/www.viladellops.com\/es\/wp-json\/wp\/v2\/media\/256"}],"wp:attachment":[{"href":"https:\/\/www.viladellops.com\/es\/wp-json\/wp\/v2\/media?parent=381"}],"wp:term":[{"taxonomy":"product_brand","embeddable":true,"href":"https:\/\/www.viladellops.com\/es\/wp-json\/wp\/v2\/product_brand?post=381"},{"taxonomy":"product_cat","embeddable":true,"href":"https:\/\/www.viladellops.com\/es\/wp-json\/wp\/v2\/product_cat?post=381"},{"taxonomy":"product_tag","embeddable":true,"href":"https:\/\/www.viladellops.com\/es\/wp-json\/wp\/v2\/product_tag?post=381"}],"curies":[{"name":"wp","href":"https:\/\/api.w.org\/{rel}","templated":true}]}}