{"id":384,"date":"2025-12-01T13:20:58","date_gmt":"2025-12-01T12:20:58","guid":{"rendered":"http:\/\/viladellopsnew.local\/?post_type=product&#038;p=384"},"modified":"2026-02-05T12:05:50","modified_gmt":"2026-02-05T11:05:50","slug":"viladellops-garnacha","status":"publish","type":"product","link":"https:\/\/www.viladellops.com\/es\/producto\/viladellops-garnacha\/","title":{"rendered":"Viladellops Garnacha"},"content":{"rendered":"","protected":false},"excerpt":{"rendered":"<p><em>Su aroma fresco, intenso y afrutado combina a la perfecci\u00f3n con su color cereza. El Viladellops Garnacha es la representaci\u00f3n del equilibrio que consigue transmitir a todo el mundo quien tiene el placer de disfrutarlo.<\/em><\/p>\n<p>Elaborado con un coupage de los vinos m\u00e1s frescos y afrutados de cada vendimia. Hecho con Garnacha, que seg\u00fan nuestra experiencia es la variedad tinta que transmite mejor la tipicidad de nuestra finca, nos encontramos ante un vino de color cereza picota con un aroma fresco y afrutado. Con una marcada persistencia en boca, a la vez que sabroso y rico en aromas. Con las vi\u00f1as de Garnacha m\u00e1s j\u00f3venes de Viladellops se elabora este vino. Todo el trabajo en vi\u00f1a es igual que la que se realiza por otros vinos de Viladellops. Las diferentes parcelas se vinifican con maceraciones muy cortas para buscar vinos frescos y con taninos muy suaves. Vinificaci\u00f3n con\u00a0<span class=\"hiddenSpellError\">inox<\/span>\u00a0y crianza durante todo el invierno en dep\u00f3sitos de cemento. En nariz se percibe la tipicidad de la Garnacha con todo su abanico de frutos rojos. En boca es fresco, amable y sabroso.<\/p>\n","protected":false},"featured_media":3836,"comment_status":"closed","ping_status":"closed","template":"","meta":{"_acf_changed":false},"product_brand":[],"product_cat":[25,24],"product_tag":[38,39,40],"class_list":{"0":"post-384","1":"product","2":"type-product","3":"status-publish","4":"has-post-thumbnail","6":"product_cat-los-vinos-tintos-de-finca-viladellops","7":"product_cat-vinos","8":"product_tag-ecologico","9":"product_tag-garnacha","10":"product_tag-macizo-del-garraf","12":"first","13":"instock","14":"taxable","15":"shipping-taxable","16":"purchasable","17":"product-type-variable"},"acf":[],"_links":{"self":[{"href":"https:\/\/www.viladellops.com\/es\/wp-json\/wp\/v2\/product\/384","targetHints":{"allow":["GET"]}}],"collection":[{"href":"https:\/\/www.viladellops.com\/es\/wp-json\/wp\/v2\/product"}],"about":[{"href":"https:\/\/www.viladellops.com\/es\/wp-json\/wp\/v2\/types\/product"}],"replies":[{"embeddable":true,"href":"https:\/\/www.viladellops.com\/es\/wp-json\/wp\/v2\/comments?post=384"}],"wp:featuredmedia":[{"embeddable":true,"href":"https:\/\/www.viladellops.com\/es\/wp-json\/wp\/v2\/media\/3836"}],"wp:attachment":[{"href":"https:\/\/www.viladellops.com\/es\/wp-json\/wp\/v2\/media?parent=384"}],"wp:term":[{"taxonomy":"product_brand","embeddable":true,"href":"https:\/\/www.viladellops.com\/es\/wp-json\/wp\/v2\/product_brand?post=384"},{"taxonomy":"product_cat","embeddable":true,"href":"https:\/\/www.viladellops.com\/es\/wp-json\/wp\/v2\/product_cat?post=384"},{"taxonomy":"product_tag","embeddable":true,"href":"https:\/\/www.viladellops.com\/es\/wp-json\/wp\/v2\/product_tag?post=384"}],"curies":[{"name":"wp","href":"https:\/\/api.w.org\/{rel}","templated":true}]}}