{"id":387,"date":"2025-12-01T13:21:09","date_gmt":"2025-12-01T12:21:09","guid":{"rendered":"http:\/\/viladellopsnew.local\/?post_type=product&#038;p=387"},"modified":"2026-02-05T12:07:49","modified_gmt":"2026-02-05T11:07:49","slug":"finca-viladellops-tinto","status":"publish","type":"product","link":"https:\/\/www.viladellops.com\/es\/producto\/finca-viladellops-tinto\/","title":{"rendered":"Finca Viladellops Tinto"},"content":{"rendered":"","protected":false},"excerpt":{"rendered":"<p><em>Aromas minerales y de fruta negra que se transforman en un gusto potente. El Finca Viladellops Tinto m\u00e1s que un vino es una experiencia.<\/em><\/p>\n<p>El Garnacha tinto es \u2014a nuestro entender\u2014 la variedad que mejor transmite la personalidad del terroir a nuestros vinos tintos. En el Finca Viladellops tinto, nos encontramos ante uno de los productos m\u00e1s prestigiosos y de los que nos sentimos m\u00e1s orgullosos en la bodega. Seleccionamos las mejores Garnachas de Viladellops. Vendimia a mano y tabla de selecci\u00f3n. Maceraciones cortas, solo para buscar los taninos m\u00e1s elegantes, crianza m\u00e1xima de 12 meses en toneles de roble franc\u00e9s y un m\u00ednimo de 12 meses en botella antes de salir a la venta. De un color rojo granate muy cubierto con aromas minerales y de fruta negra, matices especiados de uva muy macerada. En boca es sedoso, sabroso, carnoso, con notas de regaliz y torrefactos. El vino tiene buena acidez, volumen y estructura.<\/p>\n","protected":false},"featured_media":254,"comment_status":"closed","ping_status":"closed","template":"","meta":{"_acf_changed":false},"product_brand":[],"product_cat":[25,24],"product_tag":[38,39,40],"class_list":{"0":"post-387","1":"product","2":"type-product","3":"status-publish","4":"has-post-thumbnail","6":"product_cat-los-vinos-tintos-de-finca-viladellops","7":"product_cat-vinos","8":"product_tag-ecologico","9":"product_tag-garnacha","10":"product_tag-macizo-del-garraf","12":"first","13":"instock","14":"taxable","15":"shipping-taxable","16":"purchasable","17":"product-type-variable"},"acf":[],"_links":{"self":[{"href":"https:\/\/www.viladellops.com\/es\/wp-json\/wp\/v2\/product\/387","targetHints":{"allow":["GET"]}}],"collection":[{"href":"https:\/\/www.viladellops.com\/es\/wp-json\/wp\/v2\/product"}],"about":[{"href":"https:\/\/www.viladellops.com\/es\/wp-json\/wp\/v2\/types\/product"}],"replies":[{"embeddable":true,"href":"https:\/\/www.viladellops.com\/es\/wp-json\/wp\/v2\/comments?post=387"}],"wp:featuredmedia":[{"embeddable":true,"href":"https:\/\/www.viladellops.com\/es\/wp-json\/wp\/v2\/media\/254"}],"wp:attachment":[{"href":"https:\/\/www.viladellops.com\/es\/wp-json\/wp\/v2\/media?parent=387"}],"wp:term":[{"taxonomy":"product_brand","embeddable":true,"href":"https:\/\/www.viladellops.com\/es\/wp-json\/wp\/v2\/product_brand?post=387"},{"taxonomy":"product_cat","embeddable":true,"href":"https:\/\/www.viladellops.com\/es\/wp-json\/wp\/v2\/product_cat?post=387"},{"taxonomy":"product_tag","embeddable":true,"href":"https:\/\/www.viladellops.com\/es\/wp-json\/wp\/v2\/product_tag?post=387"}],"curies":[{"name":"wp","href":"https:\/\/api.w.org\/{rel}","templated":true}]}}