{"id":390,"date":"2025-12-01T13:21:50","date_gmt":"2025-12-01T12:21:50","guid":{"rendered":"http:\/\/viladellopsnew.local\/?post_type=product&#038;p=390"},"modified":"2026-03-27T19:57:08","modified_gmt":"2026-03-27T18:57:08","slug":"turo-de-les-abelles","status":"publish","type":"product","link":"https:\/\/www.viladellops.com\/es\/producto\/turo-de-les-abelles\/","title":{"rendered":"Tur\u00f3 de les Abelles"},"content":{"rendered":"","protected":false},"excerpt":{"rendered":"<p><em>Tur\u00f3 de les Abelles te cautivar\u00e1 con su aroma a fruta negra y un sabor largo y carnoso con notas de regaliz y torrefactos con la frescura que caracteriza los vinos del Macizo del Garraf.<\/em><\/p>\n<p>Producci\u00f3n limitada a la parcela del cerro, el vino Tur\u00f3 de les Abelles, es el resultado de nuestra experiencia trabajando con la variedad Garnacha. La variedad de garnacha crece en una parcela denominada Tur\u00f3 de les Abelles de terreno pobre, pedregoso y calc\u00e1reo que aportan un car\u00e1cter mineral. El Syrah proviene de una vi\u00f1a caracterizada por la presencia de f\u00f3siles marinos en el terreno. Fermenta en toneles abiertos de roble franc\u00e9s utilizando levaduras salvajes ind\u00edgenas y mantiene su crianza durante 24 meses. Nos encontramos ante un vino de color granate intenso y de capa baja. En nariz predominan los aromas minerales y de fruta negra, con notas especiadas. En boca es potente y largo, sabroso, con notas de regaliz y torrefactos. Es un vino con buena acidez, volumen y estructura.<\/p>\n","protected":false},"featured_media":253,"comment_status":"closed","ping_status":"closed","template":"","meta":{"_acf_changed":false},"product_brand":[],"product_cat":[25,24],"product_tag":[38,39,40,42],"class_list":{"0":"post-390","1":"product","2":"type-product","3":"status-publish","4":"has-post-thumbnail","6":"product_cat-los-vinos-tintos-de-finca-viladellops","7":"product_cat-vinos","8":"product_tag-ecologico","9":"product_tag-garnacha","10":"product_tag-macizo-del-garraf","11":"product_tag-vino-de-parcela","13":"first","14":"instock","15":"taxable","16":"shipping-taxable","17":"purchasable","18":"product-type-variable"},"acf":[],"_links":{"self":[{"href":"https:\/\/www.viladellops.com\/es\/wp-json\/wp\/v2\/product\/390","targetHints":{"allow":["GET"]}}],"collection":[{"href":"https:\/\/www.viladellops.com\/es\/wp-json\/wp\/v2\/product"}],"about":[{"href":"https:\/\/www.viladellops.com\/es\/wp-json\/wp\/v2\/types\/product"}],"replies":[{"embeddable":true,"href":"https:\/\/www.viladellops.com\/es\/wp-json\/wp\/v2\/comments?post=390"}],"wp:featuredmedia":[{"embeddable":true,"href":"https:\/\/www.viladellops.com\/es\/wp-json\/wp\/v2\/media\/253"}],"wp:attachment":[{"href":"https:\/\/www.viladellops.com\/es\/wp-json\/wp\/v2\/media?parent=390"}],"wp:term":[{"taxonomy":"product_brand","embeddable":true,"href":"https:\/\/www.viladellops.com\/es\/wp-json\/wp\/v2\/product_brand?post=390"},{"taxonomy":"product_cat","embeddable":true,"href":"https:\/\/www.viladellops.com\/es\/wp-json\/wp\/v2\/product_cat?post=390"},{"taxonomy":"product_tag","embeddable":true,"href":"https:\/\/www.viladellops.com\/es\/wp-json\/wp\/v2\/product_tag?post=390"}],"curies":[{"name":"wp","href":"https:\/\/api.w.org\/{rel}","templated":true}]}}