{"id":393,"date":"2025-12-01T13:22:30","date_gmt":"2025-12-01T12:22:30","guid":{"rendered":"http:\/\/viladellopsnew.local\/?post_type=product&#038;p=393"},"modified":"2026-02-05T12:03:18","modified_gmt":"2026-02-05T11:03:18","slug":"parany","status":"publish","type":"product","link":"https:\/\/www.viladellops.com\/es\/producto\/parany\/","title":{"rendered":"Parany"},"content":{"rendered":"","protected":false},"excerpt":{"rendered":"<p><em>Parany de Viladellops es un homenaje a la belleza de las vi\u00f1as viejas y el poder del tiempo, con una exclusiva producci\u00f3n de tan solo 292 botellas.<\/em><\/p>\n<p>Color berenjena intenso con bordes viol\u00e1ceos y amplia l\u00e1grima. Aroma fresco e intenso de frutas rojas maduras, ciruela pasa, especias y bals\u00e1micos. Estructura mediana, mineral, afrutado, marcada acidez, vivo y con taninos dulces. Persistente, sabroso y largo postgusto. El parany es una parcela de cari\u00f1ena 100%. Con vi\u00f1as de 80\/90 a\u00f1os. La superficie es \u00abde una jornada de tierra\u00bb (extensi\u00f3n que un campesino pod\u00eda trabajar en un d\u00eda). Una parcela muy singular situada en medio del Macizo de Garraf, rodeada de bosque. Solo en a\u00f1os excepcionales donde el cari\u00f1ena expresa lo mejor, se producen aproximadamente 300 botellas. Fermenta en toneles abiertos de roble franc\u00e9s, utilizando levaduras salvajes ind\u00edgenas.<\/p>\n","protected":false},"featured_media":252,"comment_status":"closed","ping_status":"closed","template":"","meta":{"_acf_changed":false},"product_brand":[],"product_cat":[25,24],"product_tag":[41,38,40,42],"class_list":{"0":"post-393","1":"product","2":"type-product","3":"status-publish","4":"has-post-thumbnail","6":"product_cat-los-vinos-tintos-de-finca-viladellops","7":"product_cat-vinos","8":"product_tag-100-carinera","9":"product_tag-ecologico","10":"product_tag-macizo-del-garraf","11":"product_tag-vino-de-parcela","13":"first","14":"instock","15":"taxable","16":"shipping-taxable","17":"purchasable","18":"product-type-simple"},"acf":[],"_links":{"self":[{"href":"https:\/\/www.viladellops.com\/es\/wp-json\/wp\/v2\/product\/393","targetHints":{"allow":["GET"]}}],"collection":[{"href":"https:\/\/www.viladellops.com\/es\/wp-json\/wp\/v2\/product"}],"about":[{"href":"https:\/\/www.viladellops.com\/es\/wp-json\/wp\/v2\/types\/product"}],"replies":[{"embeddable":true,"href":"https:\/\/www.viladellops.com\/es\/wp-json\/wp\/v2\/comments?post=393"}],"wp:featuredmedia":[{"embeddable":true,"href":"https:\/\/www.viladellops.com\/es\/wp-json\/wp\/v2\/media\/252"}],"wp:attachment":[{"href":"https:\/\/www.viladellops.com\/es\/wp-json\/wp\/v2\/media?parent=393"}],"wp:term":[{"taxonomy":"product_brand","embeddable":true,"href":"https:\/\/www.viladellops.com\/es\/wp-json\/wp\/v2\/product_brand?post=393"},{"taxonomy":"product_cat","embeddable":true,"href":"https:\/\/www.viladellops.com\/es\/wp-json\/wp\/v2\/product_cat?post=393"},{"taxonomy":"product_tag","embeddable":true,"href":"https:\/\/www.viladellops.com\/es\/wp-json\/wp\/v2\/product_tag?post=393"}],"curies":[{"name":"wp","href":"https:\/\/api.w.org\/{rel}","templated":true}]}}