{"id":396,"date":"2025-12-01T13:23:27","date_gmt":"2025-12-01T12:23:27","guid":{"rendered":"http:\/\/viladellopsnew.local\/?post_type=product&#038;p=396"},"modified":"2026-02-05T12:02:58","modified_gmt":"2026-02-05T11:02:58","slug":"ld-ancestral","status":"publish","type":"product","link":"https:\/\/www.viladellops.com\/es\/producto\/ld-ancestral\/","title":{"rendered":"L.D. Ancestral"},"content":{"rendered":"","protected":false},"excerpt":{"rendered":"<p><em>La finura del L.D. Ancestral est\u00e1 pensada para hacerte disfrutar de forma prolongada. Su elaboraci\u00f3n lo convierte en un vino espumoso, con aromas frescos y muy afrutados.<\/em><\/p>\n<p>Selecci\u00f3n en vi\u00f1a y tabla de selecci\u00f3n del mejor xarel\u00b7lo rojo para la elaboraci\u00f3n de este espumoso con m\u00e9todo ancestral. Soft onion skin colour. Aromas frescos, muy afrutados y con notas cremosas de crianza, perfectamente combinadas con un carb\u00f3nico muy integrado por su tiempo de crianza. En boca combina ligeras notas bitter con la mineralidad de tierra del Macizo de Garraf. Postgusto largo y elegante. Crianza de 30 meses con 2 punetajes (movimiento de madres dentro de la botella). SO2 m\u00ednimo, se incorporan los niveles de sulfitos como informaci\u00f3n en la etiqueta de cada botella.<\/p>\n","protected":false},"featured_media":251,"comment_status":"closed","ping_status":"closed","template":"","meta":{"_acf_changed":false},"product_brand":[],"product_cat":[24],"product_tag":[38,40,42,86],"class_list":{"0":"post-396","1":"product","2":"type-product","3":"status-publish","4":"has-post-thumbnail","6":"product_cat-vinos","7":"product_tag-ecologico","8":"product_tag-macizo-del-garraf","9":"product_tag-vino-de-parcela","10":"product_tag-xarello-vermell","12":"first","13":"instock","14":"taxable","15":"shipping-taxable","16":"purchasable","17":"product-type-simple"},"acf":[],"_links":{"self":[{"href":"https:\/\/www.viladellops.com\/es\/wp-json\/wp\/v2\/product\/396","targetHints":{"allow":["GET"]}}],"collection":[{"href":"https:\/\/www.viladellops.com\/es\/wp-json\/wp\/v2\/product"}],"about":[{"href":"https:\/\/www.viladellops.com\/es\/wp-json\/wp\/v2\/types\/product"}],"replies":[{"embeddable":true,"href":"https:\/\/www.viladellops.com\/es\/wp-json\/wp\/v2\/comments?post=396"}],"wp:featuredmedia":[{"embeddable":true,"href":"https:\/\/www.viladellops.com\/es\/wp-json\/wp\/v2\/media\/251"}],"wp:attachment":[{"href":"https:\/\/www.viladellops.com\/es\/wp-json\/wp\/v2\/media?parent=396"}],"wp:term":[{"taxonomy":"product_brand","embeddable":true,"href":"https:\/\/www.viladellops.com\/es\/wp-json\/wp\/v2\/product_brand?post=396"},{"taxonomy":"product_cat","embeddable":true,"href":"https:\/\/www.viladellops.com\/es\/wp-json\/wp\/v2\/product_cat?post=396"},{"taxonomy":"product_tag","embeddable":true,"href":"https:\/\/www.viladellops.com\/es\/wp-json\/wp\/v2\/product_tag?post=396"}],"curies":[{"name":"wp","href":"https:\/\/api.w.org\/{rel}","templated":true}]}}